{"id":2467,"date":"2026-04-10T02:08:03","date_gmt":"2026-04-10T02:08:03","guid":{"rendered":"https:\/\/sumaq.travel\/?page_id=2467"},"modified":"2026-04-10T02:13:53","modified_gmt":"2026-04-10T02:13:53","slug":"reunion-agendada","status":"publish","type":"page","link":"https:\/\/sumaq.travel\/pt-br\/reunion-agendada\/","title":{"rendered":"Reuni\u00f3n agendada"},"content":{"rendered":"\n<style type=\"text\/css\" data-created_by=\"avia_inline_auto\" id=\"style-css-av-mns9nkvu-3891d11debdf04abe0f6c6a95a02a70f\">\n#top .av-special-heading.av-mns9nkvu-3891d11debdf04abe0f6c6a95a02a70f{\npadding-bottom:10px;\n}\nbody .av-special-heading.av-mns9nkvu-3891d11debdf04abe0f6c6a95a02a70f .av-special-heading-tag .heading-char{\nfont-size:25px;\n}\n#top #wrap_all .av-special-heading.av-mns9nkvu-3891d11debdf04abe0f6c6a95a02a70f .av-special-heading-tag{\npadding:0 0 30px 0;\n}\n.av-special-heading.av-mns9nkvu-3891d11debdf04abe0f6c6a95a02a70f .av-subheading{\nfont-size:15px;\n}\n<\/style>\n<div  class='av-special-heading av-mns9nkvu-3891d11debdf04abe0f6c6a95a02a70f av-special-heading-h2 blockquote modern-quote modern-centered  avia-builder-el-0  avia-builder-el-no-sibling '><h2 class='av-special-heading-tag '  itemprop=\"headline\"  >Gracias por agendar una reuni\u00f3n <\/h2><div class='av-subheading av-subheading_below'><p>El asesor y dise\u00f1ador de viajes especiales m\u00e1s idoneo a se prondr\u00e1 en contacto en las proximas horas remitiendole el enlace de la reuni\u00f3n.<\/p>\n<\/div><div class=\"special-heading-border\"><div class=\"special-heading-inner-border\"><\/div><\/div><\/div>\n","protected":false},"excerpt":{"rendered":"","protected":false},"author":1,"featured_media":0,"parent":0,"menu_order":0,"comment_status":"closed","ping_status":"closed","template":"","meta":{"content-type":"","_joinchat":[],"footnotes":""},"class_list":["post-2467","page","type-page","status-publish","hentry"],"yoast_head":"<!-- This site is optimized with the Yoast SEO Premium plugin v24.1 (Yoast SEO v27.4) - https:\/\/yoast.com\/product\/yoast-seo-premium-wordpress\/ -->\n<title>Reuni\u00f3n agendada - Sumaq Travel Per\u00fa<\/title>\n<meta name=\"robots\" content=\"index, follow, max-snippet:-1, max-image-preview:large, max-video-preview:-1\" \/>\n<link rel=\"canonical\" href=\"https:\/\/sumaq.travel\/pt-br\/reunion-agendada\/\" \/>\n<meta property=\"og:locale\" content=\"pt_BR\" \/>\n<meta property=\"og:type\" content=\"article\" \/>\n<meta property=\"og:title\" content=\"Reuni\u00f3n agendada\" \/>\n<meta property=\"og:url\" content=\"https:\/\/sumaq.travel\/pt-br\/reunion-agendada\/\" \/>\n<meta property=\"og:site_name\" content=\"Sumaq Travel Per\u00fa\" \/>\n<meta property=\"article:publisher\" content=\"https:\/\/www.facebook.com\/people\/Sumaq-Travel\/100090580755508\/?locale=es_LA\" \/>\n<meta property=\"article:modified_time\" content=\"2026-04-10T02:13:53+00:00\" \/>\n<meta name=\"twitter:card\" content=\"summary_large_image\" \/>\n<meta name=\"twitter:label1\" content=\"Est. tempo de leitura\" \/>\n\t<meta name=\"twitter:data1\" content=\"1 minuto\" \/>\n<script type=\"application\/ld+json\" class=\"yoast-schema-graph\">{\"@context\":\"https:\\\/\\\/schema.org\",\"@graph\":[{\"@type\":\"WebPage\",\"@id\":\"https:\\\/\\\/sumaq.travel\\\/pt-br\\\/reunion-agendada\\\/\",\"url\":\"https:\\\/\\\/sumaq.travel\\\/pt-br\\\/reunion-agendada\\\/\",\"name\":\"Reuni\u00f3n agendada - Sumaq Travel Per\u00fa\",\"isPartOf\":{\"@id\":\"https:\\\/\\\/sumaq.travel\\\/pt-br\\\/#website\"},\"datePublished\":\"2026-04-10T02:08:03+00:00\",\"dateModified\":\"2026-04-10T02:13:53+00:00\",\"breadcrumb\":{\"@id\":\"https:\\\/\\\/sumaq.travel\\\/pt-br\\\/reunion-agendada\\\/#breadcrumb\"},\"inLanguage\":\"pt-BR\",\"potentialAction\":[{\"@type\":\"ReadAction\",\"target\":[\"https:\\\/\\\/sumaq.travel\\\/pt-br\\\/reunion-agendada\\\/\"]}]},{\"@type\":\"BreadcrumbList\",\"@id\":\"https:\\\/\\\/sumaq.travel\\\/pt-br\\\/reunion-agendada\\\/#breadcrumb\",\"itemListElement\":[{\"@type\":\"ListItem\",\"position\":1,\"name\":\"Portada\",\"item\":\"https:\\\/\\\/sumaq.travel\\\/pt-br\\\/\"},{\"@type\":\"ListItem\",\"position\":2,\"name\":\"Reuni\u00f3n agendada\"}]},{\"@type\":\"WebSite\",\"@id\":\"https:\\\/\\\/sumaq.travel\\\/pt-br\\\/#website\",\"url\":\"https:\\\/\\\/sumaq.travel\\\/pt-br\\\/\",\"name\":\"Viajes especiales a Per\u00fa\",\"description\":\"Viajes privados de lujo a medida.\",\"publisher\":{\"@id\":\"https:\\\/\\\/sumaq.travel\\\/pt-br\\\/#organization\"},\"potentialAction\":[{\"@type\":\"SearchAction\",\"target\":{\"@type\":\"EntryPoint\",\"urlTemplate\":\"https:\\\/\\\/sumaq.travel\\\/pt-br\\\/?s={search_term_string}\"},\"query-input\":{\"@type\":\"PropertyValueSpecification\",\"valueRequired\":true,\"valueName\":\"search_term_string\"}}],\"inLanguage\":\"pt-BR\"},{\"@type\":\"Organization\",\"@id\":\"https:\\\/\\\/sumaq.travel\\\/pt-br\\\/#organization\",\"name\":\"Sumaq Travel\",\"url\":\"https:\\\/\\\/sumaq.travel\\\/pt-br\\\/\",\"logo\":{\"@type\":\"ImageObject\",\"inLanguage\":\"pt-BR\",\"@id\":\"https:\\\/\\\/sumaq.travel\\\/pt-br\\\/#\\\/schema\\\/logo\\\/image\\\/\",\"url\":\"https:\\\/\\\/sumaq.travel\\\/wp-content\\\/uploads\\\/2024\\\/11\\\/LOGO-SUMAQ-TRAVEL-HOME-WEB-horizontal.jpg\",\"contentUrl\":\"https:\\\/\\\/sumaq.travel\\\/wp-content\\\/uploads\\\/2024\\\/11\\\/LOGO-SUMAQ-TRAVEL-HOME-WEB-horizontal.jpg\",\"width\":1310,\"height\":386,\"caption\":\"Sumaq Travel\"},\"image\":{\"@id\":\"https:\\\/\\\/sumaq.travel\\\/pt-br\\\/#\\\/schema\\\/logo\\\/image\\\/\"},\"sameAs\":[\"https:\\\/\\\/www.facebook.com\\\/people\\\/Sumaq-Travel\\\/100090580755508\\\/?locale=es_LA\"]}]}<\/script>\n<!-- \/ Yoast SEO Premium plugin. -->","yoast_head_json":{"title":"Reuni\u00f3n agendada - Sumaq Travel Per\u00fa","robots":{"index":"index","follow":"follow","max-snippet":"max-snippet:-1","max-image-preview":"max-image-preview:large","max-video-preview":"max-video-preview:-1"},"canonical":"https:\/\/sumaq.travel\/pt-br\/reunion-agendada\/","og_locale":"pt_BR","og_type":"article","og_title":"Reuni\u00f3n agendada","og_url":"https:\/\/sumaq.travel\/pt-br\/reunion-agendada\/","og_site_name":"Sumaq Travel Per\u00fa","article_publisher":"https:\/\/www.facebook.com\/people\/Sumaq-Travel\/100090580755508\/?locale=es_LA","article_modified_time":"2026-04-10T02:13:53+00:00","twitter_card":"summary_large_image","twitter_misc":{"Est. tempo de leitura":"1 minuto"},"schema":{"@context":"https:\/\/schema.org","@graph":[{"@type":"WebPage","@id":"https:\/\/sumaq.travel\/pt-br\/reunion-agendada\/","url":"https:\/\/sumaq.travel\/pt-br\/reunion-agendada\/","name":"Reuni\u00f3n agendada - Sumaq Travel Per\u00fa","isPartOf":{"@id":"https:\/\/sumaq.travel\/pt-br\/#website"},"datePublished":"2026-04-10T02:08:03+00:00","dateModified":"2026-04-10T02:13:53+00:00","breadcrumb":{"@id":"https:\/\/sumaq.travel\/pt-br\/reunion-agendada\/#breadcrumb"},"inLanguage":"pt-BR","potentialAction":[{"@type":"ReadAction","target":["https:\/\/sumaq.travel\/pt-br\/reunion-agendada\/"]}]},{"@type":"BreadcrumbList","@id":"https:\/\/sumaq.travel\/pt-br\/reunion-agendada\/#breadcrumb","itemListElement":[{"@type":"ListItem","position":1,"name":"Portada","item":"https:\/\/sumaq.travel\/pt-br\/"},{"@type":"ListItem","position":2,"name":"Reuni\u00f3n agendada"}]},{"@type":"WebSite","@id":"https:\/\/sumaq.travel\/pt-br\/#website","url":"https:\/\/sumaq.travel\/pt-br\/","name":"Viajes especiales a Per\u00fa","description":"Viajes privados de lujo a medida.","publisher":{"@id":"https:\/\/sumaq.travel\/pt-br\/#organization"},"potentialAction":[{"@type":"SearchAction","target":{"@type":"EntryPoint","urlTemplate":"https:\/\/sumaq.travel\/pt-br\/?s={search_term_string}"},"query-input":{"@type":"PropertyValueSpecification","valueRequired":true,"valueName":"search_term_string"}}],"inLanguage":"pt-BR"},{"@type":"Organization","@id":"https:\/\/sumaq.travel\/pt-br\/#organization","name":"Sumaq Travel","url":"https:\/\/sumaq.travel\/pt-br\/","logo":{"@type":"ImageObject","inLanguage":"pt-BR","@id":"https:\/\/sumaq.travel\/pt-br\/#\/schema\/logo\/image\/","url":"https:\/\/sumaq.travel\/wp-content\/uploads\/2024\/11\/LOGO-SUMAQ-TRAVEL-HOME-WEB-horizontal.jpg","contentUrl":"https:\/\/sumaq.travel\/wp-content\/uploads\/2024\/11\/LOGO-SUMAQ-TRAVEL-HOME-WEB-horizontal.jpg","width":1310,"height":386,"caption":"Sumaq Travel"},"image":{"@id":"https:\/\/sumaq.travel\/pt-br\/#\/schema\/logo\/image\/"},"sameAs":["https:\/\/www.facebook.com\/people\/Sumaq-Travel\/100090580755508\/?locale=es_LA"]}]}},"_links":{"self":[{"href":"https:\/\/sumaq.travel\/pt-br\/wp-json\/wp\/v2\/pages\/2467","targetHints":{"allow":["GET"]}}],"collection":[{"href":"https:\/\/sumaq.travel\/pt-br\/wp-json\/wp\/v2\/pages"}],"about":[{"href":"https:\/\/sumaq.travel\/pt-br\/wp-json\/wp\/v2\/types\/page"}],"author":[{"embeddable":true,"href":"https:\/\/sumaq.travel\/pt-br\/wp-json\/wp\/v2\/users\/1"}],"replies":[{"embeddable":true,"href":"https:\/\/sumaq.travel\/pt-br\/wp-json\/wp\/v2\/comments?post=2467"}],"version-history":[{"count":2,"href":"https:\/\/sumaq.travel\/pt-br\/wp-json\/wp\/v2\/pages\/2467\/revisions"}],"predecessor-version":[{"id":2469,"href":"https:\/\/sumaq.travel\/pt-br\/wp-json\/wp\/v2\/pages\/2467\/revisions\/2469"}],"wp:attachment":[{"href":"https:\/\/sumaq.travel\/pt-br\/wp-json\/wp\/v2\/media?parent=2467"}],"curies":[{"name":"wp","href":"https:\/\/api.w.org\/{rel}","templated":true}]}}