{"id":2131,"date":"2024-11-09T10:15:18","date_gmt":"2024-11-09T10:15:18","guid":{"rendered":"https:\/\/sumaq.travel\/viagens-personalizadas-ao-peru\/viagens-privativas-no-peru-experiencias-unicas-e-exclusivas-com-a-sumaq-travel\/viagens-de-luxo-no-peru\/baixar-o-catalogo-de-luxo\/"},"modified":"2025-07-31T15:35:43","modified_gmt":"2025-07-31T15:35:43","slug":"baixar-o-catalogo-de-luxo","status":"publish","type":"page","link":"https:\/\/sumaq.travel\/pt-br\/viagens-personalizadas-ao-peru\/viagens-privativas-no-peru-experiencias-unicas-e-exclusivas-com-a-sumaq-travel\/viagens-de-luxo-no-peru\/baixar-o-catalogo-de-luxo\/","title":{"rendered":"Baixar o cat\u00e1logo de Luxo"},"content":{"rendered":"<div  class='flex_column av-5kdc4-034394891ea73aa6054ed73d80ca78b3 av_one_fifth  avia-builder-el-0  el_before_av_three_fifth  avia-builder-el-first  first flex_column_div  '     ><\/div>\n<div  class='flex_column av-1d9xhg-f4f3fb87f596ae0902c6879adae6934d av_three_fifth  avia-builder-el-1  el_after_av_one_fifth  el_before_av_one_fifth  flex_column_div  '     ><form action=\"https:\/\/sumaq.travel\/pt-br\/viagens-personalizadas-ao-peru\/viagens-privativas-no-peru-experiencias-unicas-e-exclusivas-com-a-sumaq-travel\/viagens-de-luxo-no-peru\/baixar-o-catalogo-de-luxo\/\" method=\"post\" data-fields-with-error=\"Found errors in the following field(s):\" class=\"avia_ajax_form av-form-labels-visible   avia-builder-el-2  avia-builder-el-no-sibling   \" data-avia-form-id=\"1\" data-avia-redirect='https:\/\/sumaq.travel\/pt-br\/viagens-personalizadas-ao-peru\/viagens-privativas-no-peru-experiencias-unicas-e-exclusivas-com-a-sumaq-travel\/baixar-catalogos\/'  aria-label='Formulario de contacto' ><h3 class=''>BAIXAR CAT\u00c1LOGO DE VIAGENS DE LUXO<\/h3><fieldset><p class='  first_form  form_element form_element_fourth' id='element_avia_1_1'><label for=\"avia_1_1\">T\u00edtulo:<\/label><select  name=\"avia_1_1\" class=\"select \" id=\"avia_1_1\"><option   value='---'>---<\/option><option   value='Sr.'>Sr.<\/option><option   value='Sra.'>Sra.<\/option><option   value='Srta.'>Srta.<\/option><option   value='Dr.'>Dr.<\/option><option   value='Dra.'>Dra.<\/option><\/select><\/p><p class='  form_element form_element_three_fourth' id='element_avia_2_1'><label for=\"avia_2_1\">Nome <abbr class=\"required\" title=\"required\">*<\/abbr><\/label> <input name=\"avia_2_1\" class=\"text_input is_empty\" type=\"text\" id=\"avia_2_1\" value=\"\" \/><\/p><p class='  first_form  form_element form_fullwidth' id='element_avia_3_1'><label for=\"avia_3_1\">E-mail <abbr class=\"required\" title=\"required\">*<\/abbr><\/label> <input name=\"avia_3_1\" class=\"text_input is_email\" type=\"text\" id=\"avia_3_1\" value=\"\" \/><\/p><p class='  first_form  form_element form_fullwidth' id='element_avia_4_1'><label for=\"avia_4_1\">Telefone (Whatsapp) <abbr class=\"required\" title=\"required\">*<\/abbr><\/label> <input name=\"avia_4_1\" class=\"text_input is_empty\" type=\"text\" id=\"avia_4_1\" value=\"\" \/><\/p><p class='  first_form  form_element form_fullwidth' id='element_avia_5_1'><label for=\"avia_5_1\">Melhor hor\u00e1rio para entrar em contato <abbr class=\"required\" title=\"required\">*<\/abbr><\/label> <input name=\"avia_5_1\" class=\"text_input is_empty\" type=\"text\" id=\"avia_5_1\" value=\"\" \/><\/p><p class='  first_form  form_element form_element_half' id='element_avia_6_1'><label for=\"avia_6_1\">Data prov\u00e1vel da viagem <abbr class=\"required\" title=\"required\">*<\/abbr><\/label> <input name=\"avia_6_1\" class=\"avia_datepicker text_input is_empty\" type=\"text\" id=\"avia_6_1\" value=\"\" placeholder=\"DD \/ MM \/ YY\" inputmode=\"none\" \/><\/p><p class='  form_element form_element_half' id='element_avia_7_1'><label for=\"avia_7_1\">N\u00famero de acompanhantes<\/label><select  name=\"avia_7_1\" class=\"select \" id=\"avia_7_1\"><option   value='---'>---<\/option><option   value='1'>1<\/option><option   value='2'>2<\/option><option   value='3'>3<\/option><option   value='4'>4<\/option><option   value='5'>5<\/option><option   value='6'>6<\/option><option   value='7'>7<\/option><option   value='8'>8<\/option><option   value='9'>9<\/option><option   value='10'>10<\/option><option   value='11'>11<\/option><option   value='12'>12<\/option><option   value='13'>13<\/option><option   value='14'>14<\/option><option   value='15'>15<\/option><option   value='16'>16<\/option><option   value='17'>17<\/option><option   value='18'>18<\/option><\/select><\/p><p class='  first_form  form_element form_fullwidth' id='element_avia_8_1'><label for=\"avia_8_1\" class=\"textare_label hidden textare_label_avia_8_1\">Observa\u00e7\u00f5es especiais <abbr class=\"required\" title=\"required\">*<\/abbr><\/label><textarea  name=\"avia_8_1\" class=\"text_area is_empty\" cols=\"40\" rows=\"7\" id=\"avia_8_1\" ><\/textarea><\/p><p class=\"hidden\"><input type=\"text\" name=\"avia_9_1\" class=\"hidden \" id=\"avia_9_1\" value=\"\" \/><\/p><p class='   form_element form_fullwidth' id='element_avia_10_1'><span class='value_verifier_label'>3 + 0 = ?<\/span><input name=\"avia_10_1_verifier\" type=\"hidden\" id=\"avia_10_1_verifier\" value=\"855731714\"\/><label for=\"avia_10_1\">Please prove that you are human by solving the equation <abbr class=\"required\" title=\"required\">*<\/abbr><\/label><input name=\"avia_10_1\" class=\"text_input captcha\" type=\"text\" id=\"avia_10_1\" value=\"\"\/><\/p><p class=\"form_element \"><input type=\"hidden\" value=\"1\" name=\"avia_generated_form1\" \/><input type=\"submit\" value=\"Enviar\" class=\"button\"  data-sending-label=\"Sending\"\/><\/p><\/fieldset><\/form><div id=\"ajaxresponse_1\" class=\"ajaxresponse ajaxresponse_1 hidden\"><\/div><\/div><div  class='flex_column av-qbwk-2c70f62baac7a6120d21f65a1ec1604f av_one_fifth  avia-builder-el-3  el_after_av_three_fifth  avia-builder-el-last  flex_column_div  '     ><\/div><\/p>\n","protected":false},"excerpt":{"rendered":"","protected":false},"author":1,"featured_media":0,"parent":2125,"menu_order":0,"comment_status":"closed","ping_status":"closed","template":"","meta":{"content-type":"","_joinchat":[],"footnotes":""},"class_list":["post-2131","page","type-page","status-publish","hentry"],"yoast_head":"<!-- This site is optimized with the Yoast SEO Premium plugin v24.1 (Yoast SEO v27.4) - https:\/\/yoast.com\/product\/yoast-seo-premium-wordpress\/ -->\n<title>Baixe o cat\u00e1logo de viagens de luxo no Peru<\/title>\n<meta name=\"description\" content=\"Baixe o cat\u00e1logo de viagens de luxo no Peru e descubra experi\u00eancias exclusivas, desde hot\u00e9is de alto padr\u00e3o at\u00e9 aventuras personalizadas.\" \/>\n<meta name=\"robots\" content=\"index, nofollow, max-snippet:-1, max-image-preview:large, max-video-preview:-1\" \/>\n<link rel=\"canonical\" href=\"https:\/\/sumaq.travel\/pt-br\/viagens-personalizadas-ao-peru\/viagens-privativas-no-peru-experiencias-unicas-e-exclusivas-com-a-sumaq-travel\/viagens-de-luxo-no-peru\/baixar-o-catalogo-de-luxo\/\" \/>\n<meta property=\"og:locale\" content=\"pt_BR\" \/>\n<meta property=\"og:type\" content=\"article\" \/>\n<meta property=\"og:title\" content=\"Baixar o cat\u00e1logo de Luxo\" \/>\n<meta property=\"og:description\" content=\"Baixe o cat\u00e1logo de viagens de luxo no Peru e descubra experi\u00eancias exclusivas, desde hot\u00e9is de alto padr\u00e3o at\u00e9 aventuras personalizadas.\" \/>\n<meta property=\"og:url\" content=\"https:\/\/sumaq.travel\/pt-br\/viagens-personalizadas-ao-peru\/viagens-privativas-no-peru-experiencias-unicas-e-exclusivas-com-a-sumaq-travel\/viagens-de-luxo-no-peru\/baixar-o-catalogo-de-luxo\/\" \/>\n<meta property=\"og:site_name\" content=\"Sumaq Travel Per\u00fa\" \/>\n<meta property=\"article:publisher\" content=\"https:\/\/www.facebook.com\/people\/Sumaq-Travel\/100090580755508\/?locale=es_LA\" \/>\n<meta property=\"article:modified_time\" content=\"2025-07-31T15:35:43+00:00\" \/>\n<meta name=\"twitter:card\" content=\"summary_large_image\" \/>\n<meta name=\"twitter:label1\" content=\"Est. tempo de leitura\" \/>\n\t<meta name=\"twitter:data1\" content=\"9 minutos\" \/>\n<script type=\"application\/ld+json\" class=\"yoast-schema-graph\">{\"@context\":\"https:\\\/\\\/schema.org\",\"@graph\":[{\"@type\":\"WebPage\",\"@id\":\"https:\\\/\\\/sumaq.travel\\\/pt-br\\\/viagens-personalizadas-ao-peru\\\/viagens-privativas-no-peru-experiencias-unicas-e-exclusivas-com-a-sumaq-travel\\\/viagens-de-luxo-no-peru\\\/baixar-o-catalogo-de-luxo\\\/\",\"url\":\"https:\\\/\\\/sumaq.travel\\\/pt-br\\\/viagens-personalizadas-ao-peru\\\/viagens-privativas-no-peru-experiencias-unicas-e-exclusivas-com-a-sumaq-travel\\\/viagens-de-luxo-no-peru\\\/baixar-o-catalogo-de-luxo\\\/\",\"name\":\"Baixe o cat\u00e1logo de viagens de luxo no Peru\",\"isPartOf\":{\"@id\":\"https:\\\/\\\/sumaq.travel\\\/pt-br\\\/#website\"},\"datePublished\":\"2024-11-09T10:15:18+00:00\",\"dateModified\":\"2025-07-31T15:35:43+00:00\",\"description\":\"Baixe o cat\u00e1logo de viagens de luxo no Peru e descubra experi\u00eancias exclusivas, desde hot\u00e9is de alto padr\u00e3o at\u00e9 aventuras personalizadas.\",\"breadcrumb\":{\"@id\":\"https:\\\/\\\/sumaq.travel\\\/pt-br\\\/viagens-personalizadas-ao-peru\\\/viagens-privativas-no-peru-experiencias-unicas-e-exclusivas-com-a-sumaq-travel\\\/viagens-de-luxo-no-peru\\\/baixar-o-catalogo-de-luxo\\\/#breadcrumb\"},\"inLanguage\":\"pt-BR\",\"potentialAction\":[{\"@type\":\"ReadAction\",\"target\":[\"https:\\\/\\\/sumaq.travel\\\/pt-br\\\/viagens-personalizadas-ao-peru\\\/viagens-privativas-no-peru-experiencias-unicas-e-exclusivas-com-a-sumaq-travel\\\/viagens-de-luxo-no-peru\\\/baixar-o-catalogo-de-luxo\\\/\"]}]},{\"@type\":\"BreadcrumbList\",\"@id\":\"https:\\\/\\\/sumaq.travel\\\/pt-br\\\/viagens-personalizadas-ao-peru\\\/viagens-privativas-no-peru-experiencias-unicas-e-exclusivas-com-a-sumaq-travel\\\/viagens-de-luxo-no-peru\\\/baixar-o-catalogo-de-luxo\\\/#breadcrumb\",\"itemListElement\":[{\"@type\":\"ListItem\",\"position\":1,\"name\":\"Portada\",\"item\":\"https:\\\/\\\/sumaq.travel\\\/pt-br\\\/\"},{\"@type\":\"ListItem\",\"position\":2,\"name\":\"Viagens personalizadas ao Peru\",\"item\":\"https:\\\/\\\/sumaq.travel\\\/pt-br\\\/viagens-personalizadas-ao-peru\\\/\"},{\"@type\":\"ListItem\",\"position\":3,\"name\":\"Viagens Privativas no Peru \u2013 Experi\u00eancias \u00danicas e Exclusivas com a Sumaq Travel\",\"item\":\"https:\\\/\\\/sumaq.travel\\\/pt-br\\\/viagens-personalizadas-ao-peru\\\/viagens-privativas-no-peru-experiencias-unicas-e-exclusivas-com-a-sumaq-travel\\\/\"},{\"@type\":\"ListItem\",\"position\":4,\"name\":\"Viagens de Luxo no Peru\",\"item\":\"https:\\\/\\\/sumaq.travel\\\/pt-br\\\/viagens-personalizadas-ao-peru\\\/viagens-privativas-no-peru-experiencias-unicas-e-exclusivas-com-a-sumaq-travel\\\/viagens-de-luxo-no-peru\\\/\"},{\"@type\":\"ListItem\",\"position\":5,\"name\":\"Baixar o cat\u00e1logo de Luxo\"}]},{\"@type\":\"WebSite\",\"@id\":\"https:\\\/\\\/sumaq.travel\\\/pt-br\\\/#website\",\"url\":\"https:\\\/\\\/sumaq.travel\\\/pt-br\\\/\",\"name\":\"Viajes especiales a Per\u00fa\",\"description\":\"Viajes privados de lujo a medida.\",\"publisher\":{\"@id\":\"https:\\\/\\\/sumaq.travel\\\/pt-br\\\/#organization\"},\"potentialAction\":[{\"@type\":\"SearchAction\",\"target\":{\"@type\":\"EntryPoint\",\"urlTemplate\":\"https:\\\/\\\/sumaq.travel\\\/pt-br\\\/?s={search_term_string}\"},\"query-input\":{\"@type\":\"PropertyValueSpecification\",\"valueRequired\":true,\"valueName\":\"search_term_string\"}}],\"inLanguage\":\"pt-BR\"},{\"@type\":\"Organization\",\"@id\":\"https:\\\/\\\/sumaq.travel\\\/pt-br\\\/#organization\",\"name\":\"Sumaq Travel\",\"url\":\"https:\\\/\\\/sumaq.travel\\\/pt-br\\\/\",\"logo\":{\"@type\":\"ImageObject\",\"inLanguage\":\"pt-BR\",\"@id\":\"https:\\\/\\\/sumaq.travel\\\/pt-br\\\/#\\\/schema\\\/logo\\\/image\\\/\",\"url\":\"https:\\\/\\\/sumaq.travel\\\/wp-content\\\/uploads\\\/2024\\\/11\\\/LOGO-SUMAQ-TRAVEL-HOME-WEB-horizontal.jpg\",\"contentUrl\":\"https:\\\/\\\/sumaq.travel\\\/wp-content\\\/uploads\\\/2024\\\/11\\\/LOGO-SUMAQ-TRAVEL-HOME-WEB-horizontal.jpg\",\"width\":1310,\"height\":386,\"caption\":\"Sumaq Travel\"},\"image\":{\"@id\":\"https:\\\/\\\/sumaq.travel\\\/pt-br\\\/#\\\/schema\\\/logo\\\/image\\\/\"},\"sameAs\":[\"https:\\\/\\\/www.facebook.com\\\/people\\\/Sumaq-Travel\\\/100090580755508\\\/?locale=es_LA\"]}]}<\/script>\n<!-- \/ Yoast SEO Premium plugin. -->","yoast_head_json":{"title":"Baixe o cat\u00e1logo de viagens de luxo no Peru","description":"Baixe o cat\u00e1logo de viagens de luxo no Peru e descubra experi\u00eancias exclusivas, desde hot\u00e9is de alto padr\u00e3o at\u00e9 aventuras personalizadas.","robots":{"index":"index","follow":"nofollow","max-snippet":"max-snippet:-1","max-image-preview":"max-image-preview:large","max-video-preview":"max-video-preview:-1"},"canonical":"https:\/\/sumaq.travel\/pt-br\/viagens-personalizadas-ao-peru\/viagens-privativas-no-peru-experiencias-unicas-e-exclusivas-com-a-sumaq-travel\/viagens-de-luxo-no-peru\/baixar-o-catalogo-de-luxo\/","og_locale":"pt_BR","og_type":"article","og_title":"Baixar o cat\u00e1logo de Luxo","og_description":"Baixe o cat\u00e1logo de viagens de luxo no Peru e descubra experi\u00eancias exclusivas, desde hot\u00e9is de alto padr\u00e3o at\u00e9 aventuras personalizadas.","og_url":"https:\/\/sumaq.travel\/pt-br\/viagens-personalizadas-ao-peru\/viagens-privativas-no-peru-experiencias-unicas-e-exclusivas-com-a-sumaq-travel\/viagens-de-luxo-no-peru\/baixar-o-catalogo-de-luxo\/","og_site_name":"Sumaq Travel Per\u00fa","article_publisher":"https:\/\/www.facebook.com\/people\/Sumaq-Travel\/100090580755508\/?locale=es_LA","article_modified_time":"2025-07-31T15:35:43+00:00","twitter_card":"summary_large_image","twitter_misc":{"Est. tempo de leitura":"9 minutos"},"schema":{"@context":"https:\/\/schema.org","@graph":[{"@type":"WebPage","@id":"https:\/\/sumaq.travel\/pt-br\/viagens-personalizadas-ao-peru\/viagens-privativas-no-peru-experiencias-unicas-e-exclusivas-com-a-sumaq-travel\/viagens-de-luxo-no-peru\/baixar-o-catalogo-de-luxo\/","url":"https:\/\/sumaq.travel\/pt-br\/viagens-personalizadas-ao-peru\/viagens-privativas-no-peru-experiencias-unicas-e-exclusivas-com-a-sumaq-travel\/viagens-de-luxo-no-peru\/baixar-o-catalogo-de-luxo\/","name":"Baixe o cat\u00e1logo de viagens de luxo no Peru","isPartOf":{"@id":"https:\/\/sumaq.travel\/pt-br\/#website"},"datePublished":"2024-11-09T10:15:18+00:00","dateModified":"2025-07-31T15:35:43+00:00","description":"Baixe o cat\u00e1logo de viagens de luxo no Peru e descubra experi\u00eancias exclusivas, desde hot\u00e9is de alto padr\u00e3o at\u00e9 aventuras personalizadas.","breadcrumb":{"@id":"https:\/\/sumaq.travel\/pt-br\/viagens-personalizadas-ao-peru\/viagens-privativas-no-peru-experiencias-unicas-e-exclusivas-com-a-sumaq-travel\/viagens-de-luxo-no-peru\/baixar-o-catalogo-de-luxo\/#breadcrumb"},"inLanguage":"pt-BR","potentialAction":[{"@type":"ReadAction","target":["https:\/\/sumaq.travel\/pt-br\/viagens-personalizadas-ao-peru\/viagens-privativas-no-peru-experiencias-unicas-e-exclusivas-com-a-sumaq-travel\/viagens-de-luxo-no-peru\/baixar-o-catalogo-de-luxo\/"]}]},{"@type":"BreadcrumbList","@id":"https:\/\/sumaq.travel\/pt-br\/viagens-personalizadas-ao-peru\/viagens-privativas-no-peru-experiencias-unicas-e-exclusivas-com-a-sumaq-travel\/viagens-de-luxo-no-peru\/baixar-o-catalogo-de-luxo\/#breadcrumb","itemListElement":[{"@type":"ListItem","position":1,"name":"Portada","item":"https:\/\/sumaq.travel\/pt-br\/"},{"@type":"ListItem","position":2,"name":"Viagens personalizadas ao Peru","item":"https:\/\/sumaq.travel\/pt-br\/viagens-personalizadas-ao-peru\/"},{"@type":"ListItem","position":3,"name":"Viagens Privativas no Peru \u2013 Experi\u00eancias \u00danicas e Exclusivas com a Sumaq Travel","item":"https:\/\/sumaq.travel\/pt-br\/viagens-personalizadas-ao-peru\/viagens-privativas-no-peru-experiencias-unicas-e-exclusivas-com-a-sumaq-travel\/"},{"@type":"ListItem","position":4,"name":"Viagens de Luxo no Peru","item":"https:\/\/sumaq.travel\/pt-br\/viagens-personalizadas-ao-peru\/viagens-privativas-no-peru-experiencias-unicas-e-exclusivas-com-a-sumaq-travel\/viagens-de-luxo-no-peru\/"},{"@type":"ListItem","position":5,"name":"Baixar o cat\u00e1logo de Luxo"}]},{"@type":"WebSite","@id":"https:\/\/sumaq.travel\/pt-br\/#website","url":"https:\/\/sumaq.travel\/pt-br\/","name":"Viajes especiales a Per\u00fa","description":"Viajes privados de lujo a medida.","publisher":{"@id":"https:\/\/sumaq.travel\/pt-br\/#organization"},"potentialAction":[{"@type":"SearchAction","target":{"@type":"EntryPoint","urlTemplate":"https:\/\/sumaq.travel\/pt-br\/?s={search_term_string}"},"query-input":{"@type":"PropertyValueSpecification","valueRequired":true,"valueName":"search_term_string"}}],"inLanguage":"pt-BR"},{"@type":"Organization","@id":"https:\/\/sumaq.travel\/pt-br\/#organization","name":"Sumaq Travel","url":"https:\/\/sumaq.travel\/pt-br\/","logo":{"@type":"ImageObject","inLanguage":"pt-BR","@id":"https:\/\/sumaq.travel\/pt-br\/#\/schema\/logo\/image\/","url":"https:\/\/sumaq.travel\/wp-content\/uploads\/2024\/11\/LOGO-SUMAQ-TRAVEL-HOME-WEB-horizontal.jpg","contentUrl":"https:\/\/sumaq.travel\/wp-content\/uploads\/2024\/11\/LOGO-SUMAQ-TRAVEL-HOME-WEB-horizontal.jpg","width":1310,"height":386,"caption":"Sumaq Travel"},"image":{"@id":"https:\/\/sumaq.travel\/pt-br\/#\/schema\/logo\/image\/"},"sameAs":["https:\/\/www.facebook.com\/people\/Sumaq-Travel\/100090580755508\/?locale=es_LA"]}]}},"_links":{"self":[{"href":"https:\/\/sumaq.travel\/pt-br\/wp-json\/wp\/v2\/pages\/2131","targetHints":{"allow":["GET"]}}],"collection":[{"href":"https:\/\/sumaq.travel\/pt-br\/wp-json\/wp\/v2\/pages"}],"about":[{"href":"https:\/\/sumaq.travel\/pt-br\/wp-json\/wp\/v2\/types\/page"}],"author":[{"embeddable":true,"href":"https:\/\/sumaq.travel\/pt-br\/wp-json\/wp\/v2\/users\/1"}],"replies":[{"embeddable":true,"href":"https:\/\/sumaq.travel\/pt-br\/wp-json\/wp\/v2\/comments?post=2131"}],"version-history":[{"count":2,"href":"https:\/\/sumaq.travel\/pt-br\/wp-json\/wp\/v2\/pages\/2131\/revisions"}],"predecessor-version":[{"id":2133,"href":"https:\/\/sumaq.travel\/pt-br\/wp-json\/wp\/v2\/pages\/2131\/revisions\/2133"}],"up":[{"embeddable":true,"href":"https:\/\/sumaq.travel\/pt-br\/wp-json\/wp\/v2\/pages\/2125"}],"wp:attachment":[{"href":"https:\/\/sumaq.travel\/pt-br\/wp-json\/wp\/v2\/media?parent=2131"}],"curies":[{"name":"wp","href":"https:\/\/api.w.org\/{rel}","templated":true}]}}