{"id":2071,"date":"2024-11-08T15:40:06","date_gmt":"2024-11-08T15:40:06","guid":{"rendered":"https:\/\/sumaq.travel\/sumaq-travel\/agendar-uma-reuniao-virtual\/"},"modified":"2025-07-29T23:45:21","modified_gmt":"2025-07-29T23:45:21","slug":"agendar-uma-reuniao-virtual","status":"publish","type":"page","link":"https:\/\/sumaq.travel\/pt-br\/agendar-uma-reuniao-virtual\/","title":{"rendered":"Agendar uma reuni\u00e3o virtual."},"content":{"rendered":"<div id='av_section_1'  class='avia-section av-of2ut-28d7cce3af4f5dda02167a263a12df4d main_color avia-section-default avia-no-border-styling  avia-builder-el-0  avia-builder-el-no-sibling  avia-bg-style-scroll container_wrap fullsize'  ><div class='container av-section-cont-open' ><main  role=\"main\" itemprop=\"mainContentOfPage\"  class='template-page content  av-content-full alpha units'><div class='post-entry post-entry-type-page post-entry-2071'><div class='entry-content-wrapper clearfix'>\n<div  class='flex_column av-jbzt1-15652ce2a2f12efbf94b3a982b379c79 av_one_fifth  avia-builder-el-1  el_before_av_three_fifth  avia-builder-el-first  first flex_column_div  '     ><\/div><div  class='flex_column av-glcvp-31790babfcff780c8e44367bcca323c7 av_three_fifth  avia-builder-el-2  el_after_av_one_fifth  avia-builder-el-last  flex_column_div  '     ><form action=\"https:\/\/sumaq.travel\/pt-br\/agendar-uma-reuniao-virtual\/\" method=\"post\" data-fields-with-error=\"Found errors in the following field(s):\" class=\"avia_ajax_form av-form-labels-visible   avia-builder-el-3  avia-builder-el-no-sibling   \" data-avia-form-id=\"1\" data-avia-redirect=''  aria-label='Formulario de contacto' ><h3 class=''>RESERVE UMA REUNI\u00c3O VIRTUAL<\/h3><fieldset><p class='  first_form  form_element form_element_fourth' id='element_avia_1_1'><label for=\"avia_1_1\">T\u00edtulo:<\/label><select  name=\"avia_1_1\" class=\"select \" id=\"avia_1_1\"><option   value='---'>---<\/option><option   value='Sr.'>Sr.<\/option><option   value='Sra.'>Sra.<\/option><option   value='Srta.'>Srta.<\/option><option   value='Dr.'>Dr.<\/option><option   value='Dra.'>Dra.<\/option><\/select><\/p><p class='  form_element form_element_three_fourth' id='element_avia_2_1'><label for=\"avia_2_1\">Nome <abbr class=\"required\" title=\"required\">*<\/abbr><\/label> <input name=\"avia_2_1\" class=\"text_input is_empty\" type=\"text\" id=\"avia_2_1\" value=\"\" \/><\/p><p class='  first_form  form_element form_fullwidth' id='element_avia_3_1'><label for=\"avia_3_1\">E-mail <abbr class=\"required\" title=\"required\">*<\/abbr><\/label> <input name=\"avia_3_1\" class=\"text_input is_email\" type=\"text\" id=\"avia_3_1\" value=\"\" \/><\/p><p class='  first_form  form_element form_element_half' id='element_avia_4_1'><label for=\"avia_4_1\">Data da Reuni\u00e3o <abbr class=\"required\" title=\"required\">*<\/abbr><\/label> <input name=\"avia_4_1\" class=\"avia_datepicker text_input is_empty\" type=\"text\" id=\"avia_4_1\" value=\"\" placeholder=\"DD \/ MM \/ YY\" inputmode=\"none\" \/><\/p><p class='  form_element form_element_half' id='element_avia_5_1'><label for=\"avia_5_1\">Hor\u00e1rio da Reuni\u00e3o (Considere o seu hor\u00e1rio local) <abbr class=\"required\" title=\"required\">*<\/abbr><\/label><select  name=\"avia_5_1\" class=\"select is_empty\" id=\"avia_5_1\"><option   value='---'>---<\/option><option   value='10:00-11:00'>10:00-11:00<\/option><option   value='11:00 - 12:00'>11:00 - 12:00<\/option><option   value='12:00 - 13:00'>12:00 - 13:00<\/option><option   value='15:00 - 16:00'>15:00 - 16:00<\/option><option   value='16:00 - 17:00'>16:00 - 17:00<\/option><option   value='17:00 - 18:00'>17:00 - 18:00<\/option><option   value='18:00 - 19:00'>18:00 - 19:00<\/option><option   value='19:00 - 20:00'>19:00 - 20:00<\/option><option   value='20:00 - 21:00'>20:00 - 21:00<\/option><option   value='21:00 - 22:00'>21:00 - 22:00<\/option><\/select><\/p><p class='  first_form  form_element form_fullwidth' id='element_avia_6_1'><label for=\"avia_6_1\" class=\"textare_label hidden textare_label_avia_6_1\">Observa\u00e7\u00f5es especiais<\/label><textarea  name=\"avia_6_1\" class=\"text_area \" cols=\"40\" rows=\"7\" id=\"avia_6_1\" ><\/textarea><\/p><p class=\"hidden\"><input type=\"text\" name=\"avia_7_1\" class=\"hidden \" id=\"avia_7_1\" value=\"\" \/><\/p><p class='   form_element form_fullwidth' id='element_avia_8_1'><span class='value_verifier_label'>5 + 0 = ?<\/span><input name=\"avia_8_1_verifier\" type=\"hidden\" id=\"avia_8_1_verifier\" value=\"354473857\"\/><label for=\"avia_8_1\">Please prove that you are human by solving the equation <abbr class=\"required\" title=\"required\">*<\/abbr><\/label><input name=\"avia_8_1\" class=\"text_input captcha\" type=\"text\" id=\"avia_8_1\" value=\"\"\/><\/p><p class=\"form_element \"><input type=\"hidden\" value=\"1\" name=\"avia_generated_form1\" \/><input type=\"submit\" value=\"Enviar\" class=\"button\"  data-sending-label=\"Sending\"\/><\/p><\/fieldset><\/form><div id=\"ajaxresponse_1\" class=\"ajaxresponse ajaxresponse_1 hidden\"><\/div><\/div>\n","protected":false},"excerpt":{"rendered":"","protected":false},"author":1,"featured_media":0,"parent":0,"menu_order":0,"comment_status":"closed","ping_status":"closed","template":"","meta":{"content-type":"","_joinchat":[],"footnotes":""},"class_list":["post-2071","page","type-page","status-publish","hentry"],"yoast_head":"<!-- This site is optimized with the Yoast SEO Premium plugin v24.1 (Yoast SEO v27.5) - https:\/\/yoast.com\/product\/yoast-seo-premium-wordpress\/ -->\n<title>Agendar uma reuni\u00e3o virtual. - Sumaq Travel Per\u00fa<\/title>\n<meta name=\"description\" content=\"Agende uma reuni\u00e3o virtual com nossos especialistas e planeje a sua viagem ideal ao Peru com a Sumaq Travel. Personalize cada detalhe da sua experi\u00eancia.\" \/>\n<meta name=\"robots\" content=\"index, nofollow, max-snippet:-1, max-image-preview:large, max-video-preview:-1\" \/>\n<link rel=\"canonical\" href=\"https:\/\/sumaq.travel\/pt-br\/agendar-uma-reuniao-virtual\/\" \/>\n<meta property=\"og:locale\" content=\"pt_BR\" \/>\n<meta property=\"og:type\" content=\"article\" \/>\n<meta property=\"og:title\" content=\"Agende uma reuni\u00e3o virtual e planeje sua viagem ideal ao PeruAgendar uma reuni\u00e3o virtual.\" \/>\n<meta property=\"og:description\" content=\"Conecte-se com nossos especialistas em viagens e planeje uma experi\u00eancia \u00fanica no Peru. Agende uma reuni\u00e3o virtual e comece a organizar a sua aventura.\" \/>\n<meta property=\"og:url\" content=\"https:\/\/sumaq.travel\/pt-br\/agendar-uma-reuniao-virtual\/\" \/>\n<meta property=\"og:site_name\" content=\"Sumaq Travel Per\u00fa\" \/>\n<meta property=\"article:publisher\" content=\"https:\/\/www.facebook.com\/people\/Sumaq-Travel\/100090580755508\/?locale=es_LA\" \/>\n<meta property=\"article:modified_time\" content=\"2025-07-29T23:45:21+00:00\" \/>\n<meta property=\"og:image\" content=\"https:\/\/sumaq.travel\/wp-content\/uploads\/2024\/11\/itinerarios-personalizados-min-300x300.webp\" \/>\n<meta name=\"twitter:card\" content=\"summary_large_image\" \/>\n<meta name=\"twitter:title\" content=\"Agende uma reuni\u00e3o virtual e planeje sua viagem ideal ao PeruAgendar uma reuni\u00e3o virtual.\" \/>\n<meta name=\"twitter:description\" content=\"Conecte-se com nossos especialistas em viagens e planeje uma experi\u00eancia \u00fanica no Peru. Agende uma reuni\u00e3o virtual e comece a organizar a sua aventura.\" \/>\n<meta name=\"twitter:label1\" content=\"Est. tempo de leitura\" \/>\n\t<meta name=\"twitter:data1\" content=\"8 minutos\" \/>\n<script type=\"application\/ld+json\" class=\"yoast-schema-graph\">{\"@context\":\"https:\\\/\\\/schema.org\",\"@graph\":[{\"@type\":\"WebPage\",\"@id\":\"https:\\\/\\\/sumaq.travel\\\/pt-br\\\/agendar-uma-reuniao-virtual\\\/\",\"url\":\"https:\\\/\\\/sumaq.travel\\\/pt-br\\\/agendar-uma-reuniao-virtual\\\/\",\"name\":\"Agendar uma reuni\u00e3o virtual. - Sumaq Travel Per\u00fa\",\"isPartOf\":{\"@id\":\"https:\\\/\\\/sumaq.travel\\\/pt-br\\\/#website\"},\"datePublished\":\"2024-11-08T15:40:06+00:00\",\"dateModified\":\"2025-07-29T23:45:21+00:00\",\"description\":\"Agende uma reuni\u00e3o virtual com nossos especialistas e planeje a sua viagem ideal ao Peru com a Sumaq Travel. Personalize cada detalhe da sua experi\u00eancia.\",\"breadcrumb\":{\"@id\":\"https:\\\/\\\/sumaq.travel\\\/pt-br\\\/agendar-uma-reuniao-virtual\\\/#breadcrumb\"},\"inLanguage\":\"pt-BR\",\"potentialAction\":[{\"@type\":\"ReadAction\",\"target\":[\"https:\\\/\\\/sumaq.travel\\\/pt-br\\\/agendar-uma-reuniao-virtual\\\/\"]}]},{\"@type\":\"BreadcrumbList\",\"@id\":\"https:\\\/\\\/sumaq.travel\\\/pt-br\\\/agendar-uma-reuniao-virtual\\\/#breadcrumb\",\"itemListElement\":[{\"@type\":\"ListItem\",\"position\":1,\"name\":\"Portada\",\"item\":\"https:\\\/\\\/sumaq.travel\\\/pt-br\\\/\"},{\"@type\":\"ListItem\",\"position\":2,\"name\":\"Agendar uma reuni\u00e3o virtual.\"}]},{\"@type\":\"WebSite\",\"@id\":\"https:\\\/\\\/sumaq.travel\\\/pt-br\\\/#website\",\"url\":\"https:\\\/\\\/sumaq.travel\\\/pt-br\\\/\",\"name\":\"Viajes especiales a Per\u00fa\",\"description\":\"Viajes privados de lujo a medida.\",\"publisher\":{\"@id\":\"https:\\\/\\\/sumaq.travel\\\/pt-br\\\/#organization\"},\"potentialAction\":[{\"@type\":\"SearchAction\",\"target\":{\"@type\":\"EntryPoint\",\"urlTemplate\":\"https:\\\/\\\/sumaq.travel\\\/pt-br\\\/?s={search_term_string}\"},\"query-input\":{\"@type\":\"PropertyValueSpecification\",\"valueRequired\":true,\"valueName\":\"search_term_string\"}}],\"inLanguage\":\"pt-BR\"},{\"@type\":\"Organization\",\"@id\":\"https:\\\/\\\/sumaq.travel\\\/pt-br\\\/#organization\",\"name\":\"Sumaq Travel\",\"url\":\"https:\\\/\\\/sumaq.travel\\\/pt-br\\\/\",\"logo\":{\"@type\":\"ImageObject\",\"inLanguage\":\"pt-BR\",\"@id\":\"https:\\\/\\\/sumaq.travel\\\/pt-br\\\/#\\\/schema\\\/logo\\\/image\\\/\",\"url\":\"https:\\\/\\\/sumaq.travel\\\/wp-content\\\/uploads\\\/2024\\\/11\\\/LOGO-SUMAQ-TRAVEL-HOME-WEB-horizontal.jpg\",\"contentUrl\":\"https:\\\/\\\/sumaq.travel\\\/wp-content\\\/uploads\\\/2024\\\/11\\\/LOGO-SUMAQ-TRAVEL-HOME-WEB-horizontal.jpg\",\"width\":1310,\"height\":386,\"caption\":\"Sumaq Travel\"},\"image\":{\"@id\":\"https:\\\/\\\/sumaq.travel\\\/pt-br\\\/#\\\/schema\\\/logo\\\/image\\\/\"},\"sameAs\":[\"https:\\\/\\\/www.facebook.com\\\/people\\\/Sumaq-Travel\\\/100090580755508\\\/?locale=es_LA\"]}]}<\/script>\n<!-- \/ Yoast SEO Premium plugin. -->","yoast_head_json":{"title":"Agendar uma reuni\u00e3o virtual. - Sumaq Travel Per\u00fa","description":"Agende uma reuni\u00e3o virtual com nossos especialistas e planeje a sua viagem ideal ao Peru com a Sumaq Travel. Personalize cada detalhe da sua experi\u00eancia.","robots":{"index":"index","follow":"nofollow","max-snippet":"max-snippet:-1","max-image-preview":"max-image-preview:large","max-video-preview":"max-video-preview:-1"},"canonical":"https:\/\/sumaq.travel\/pt-br\/agendar-uma-reuniao-virtual\/","og_locale":"pt_BR","og_type":"article","og_title":"Agende uma reuni\u00e3o virtual e planeje sua viagem ideal ao PeruAgendar uma reuni\u00e3o virtual.","og_description":"Conecte-se com nossos especialistas em viagens e planeje uma experi\u00eancia \u00fanica no Peru. Agende uma reuni\u00e3o virtual e comece a organizar a sua aventura.","og_url":"https:\/\/sumaq.travel\/pt-br\/agendar-uma-reuniao-virtual\/","og_site_name":"Sumaq Travel Per\u00fa","article_publisher":"https:\/\/www.facebook.com\/people\/Sumaq-Travel\/100090580755508\/?locale=es_LA","article_modified_time":"2025-07-29T23:45:21+00:00","og_image":[{"url":"https:\/\/sumaq.travel\/wp-content\/uploads\/2024\/11\/itinerarios-personalizados-min-300x300.webp","type":"","width":"","height":""}],"twitter_card":"summary_large_image","twitter_title":"Agende uma reuni\u00e3o virtual e planeje sua viagem ideal ao PeruAgendar uma reuni\u00e3o virtual.","twitter_description":"Conecte-se com nossos especialistas em viagens e planeje uma experi\u00eancia \u00fanica no Peru. Agende uma reuni\u00e3o virtual e comece a organizar a sua aventura.","twitter_misc":{"Est. tempo de leitura":"8 minutos"},"schema":{"@context":"https:\/\/schema.org","@graph":[{"@type":"WebPage","@id":"https:\/\/sumaq.travel\/pt-br\/agendar-uma-reuniao-virtual\/","url":"https:\/\/sumaq.travel\/pt-br\/agendar-uma-reuniao-virtual\/","name":"Agendar uma reuni\u00e3o virtual. - Sumaq Travel Per\u00fa","isPartOf":{"@id":"https:\/\/sumaq.travel\/pt-br\/#website"},"datePublished":"2024-11-08T15:40:06+00:00","dateModified":"2025-07-29T23:45:21+00:00","description":"Agende uma reuni\u00e3o virtual com nossos especialistas e planeje a sua viagem ideal ao Peru com a Sumaq Travel. Personalize cada detalhe da sua experi\u00eancia.","breadcrumb":{"@id":"https:\/\/sumaq.travel\/pt-br\/agendar-uma-reuniao-virtual\/#breadcrumb"},"inLanguage":"pt-BR","potentialAction":[{"@type":"ReadAction","target":["https:\/\/sumaq.travel\/pt-br\/agendar-uma-reuniao-virtual\/"]}]},{"@type":"BreadcrumbList","@id":"https:\/\/sumaq.travel\/pt-br\/agendar-uma-reuniao-virtual\/#breadcrumb","itemListElement":[{"@type":"ListItem","position":1,"name":"Portada","item":"https:\/\/sumaq.travel\/pt-br\/"},{"@type":"ListItem","position":2,"name":"Agendar uma reuni\u00e3o virtual."}]},{"@type":"WebSite","@id":"https:\/\/sumaq.travel\/pt-br\/#website","url":"https:\/\/sumaq.travel\/pt-br\/","name":"Viajes especiales a Per\u00fa","description":"Viajes privados de lujo a medida.","publisher":{"@id":"https:\/\/sumaq.travel\/pt-br\/#organization"},"potentialAction":[{"@type":"SearchAction","target":{"@type":"EntryPoint","urlTemplate":"https:\/\/sumaq.travel\/pt-br\/?s={search_term_string}"},"query-input":{"@type":"PropertyValueSpecification","valueRequired":true,"valueName":"search_term_string"}}],"inLanguage":"pt-BR"},{"@type":"Organization","@id":"https:\/\/sumaq.travel\/pt-br\/#organization","name":"Sumaq Travel","url":"https:\/\/sumaq.travel\/pt-br\/","logo":{"@type":"ImageObject","inLanguage":"pt-BR","@id":"https:\/\/sumaq.travel\/pt-br\/#\/schema\/logo\/image\/","url":"https:\/\/sumaq.travel\/wp-content\/uploads\/2024\/11\/LOGO-SUMAQ-TRAVEL-HOME-WEB-horizontal.jpg","contentUrl":"https:\/\/sumaq.travel\/wp-content\/uploads\/2024\/11\/LOGO-SUMAQ-TRAVEL-HOME-WEB-horizontal.jpg","width":1310,"height":386,"caption":"Sumaq Travel"},"image":{"@id":"https:\/\/sumaq.travel\/pt-br\/#\/schema\/logo\/image\/"},"sameAs":["https:\/\/www.facebook.com\/people\/Sumaq-Travel\/100090580755508\/?locale=es_LA"]}]}},"_links":{"self":[{"href":"https:\/\/sumaq.travel\/pt-br\/wp-json\/wp\/v2\/pages\/2071","targetHints":{"allow":["GET"]}}],"collection":[{"href":"https:\/\/sumaq.travel\/pt-br\/wp-json\/wp\/v2\/pages"}],"about":[{"href":"https:\/\/sumaq.travel\/pt-br\/wp-json\/wp\/v2\/types\/page"}],"author":[{"embeddable":true,"href":"https:\/\/sumaq.travel\/pt-br\/wp-json\/wp\/v2\/users\/1"}],"replies":[{"embeddable":true,"href":"https:\/\/sumaq.travel\/pt-br\/wp-json\/wp\/v2\/comments?post=2071"}],"version-history":[{"count":2,"href":"https:\/\/sumaq.travel\/pt-br\/wp-json\/wp\/v2\/pages\/2071\/revisions"}],"predecessor-version":[{"id":2073,"href":"https:\/\/sumaq.travel\/pt-br\/wp-json\/wp\/v2\/pages\/2071\/revisions\/2073"}],"wp:attachment":[{"href":"https:\/\/sumaq.travel\/pt-br\/wp-json\/wp\/v2\/media?parent=2071"}],"curies":[{"name":"wp","href":"https:\/\/api.w.org\/{rel}","templated":true}]}}