{"id":2065,"date":"2024-11-14T00:03:59","date_gmt":"2024-11-14T00:03:59","guid":{"rendered":"https:\/\/sumaq.travel\/peru-sabores-ancestrais-e-paisagens-lendarias-disponibilidade\/"},"modified":"2025-07-29T17:51:18","modified_gmt":"2025-07-29T17:51:18","slug":"peru-sabores-ancestrais-e-paisagens-lendarias-disponibilidade","status":"publish","type":"page","link":"https:\/\/sumaq.travel\/pt-br\/peru-sabores-ancestrais-e-paisagens-lendarias-disponibilidade\/","title":{"rendered":"Peru, Sabores Ancestrais e Paisagens Lend\u00e1rias \u2013 disponibilidade"},"content":{"rendered":"<div  class='flex_column av-h56zy-6dd2c6fbc35ef48c117d9ae30689f9b6 av_one_fifth  avia-builder-el-0  el_before_av_three_fifth  avia-builder-el-first  first flex_column_div  '     ><\/div>\n<div  class='flex_column av-a2yzq-be1660b59e27f23e6fe5222dc9001f00 av_three_fifth  avia-builder-el-1  el_after_av_one_fifth  avia-builder-el-last  flex_column_div  '     ><p>\n<style type=\"text\/css\" data-created_by=\"avia_inline_auto\" id=\"style-css-av-m3gj04ci-950afd53e8fb287d0a8fc8b4560bd23e\">\n#top .av-special-heading.av-m3gj04ci-950afd53e8fb287d0a8fc8b4560bd23e{\npadding-bottom:10px;\n}\nbody .av-special-heading.av-m3gj04ci-950afd53e8fb287d0a8fc8b4560bd23e .av-special-heading-tag .heading-char{\nfont-size:25px;\n}\n.av-special-heading.av-m3gj04ci-950afd53e8fb287d0a8fc8b4560bd23e .av-subheading{\nfont-size:15px;\n}\n<\/style>\n<div  class='av-special-heading av-m3gj04ci-950afd53e8fb287d0a8fc8b4560bd23e av-special-heading-h3  avia-builder-el-2  el_before_av_toggle_container  avia-builder-el-first '><h3 class='av-special-heading-tag '  itemprop=\"headline\"  >Datas de sa\u00edda e vagas dispon\u00edveis<\/h3><div class=\"special-heading-border\"><div class=\"special-heading-inner-border\"><\/div><\/div><\/div><br \/>\n\n<style type=\"text\/css\" data-created_by=\"avia_inline_auto\" id=\"style-css-av-m3gjqj6v-c5c681e4463d54c8ae53c69d456a1658\">\n#top .togglecontainer.av-m3gjqj6v-c5c681e4463d54c8ae53c69d456a1658 p.toggler{\nbackground-color:rgba(237,172,61,0.48);\n}\n#top .togglecontainer.av-m3gjqj6v-c5c681e4463d54c8ae53c69d456a1658 .toggle_wrap .toggle_content{\nbackground-color:rgba(237,172,61,0.48);\n}\n<\/style>\n<div  class='togglecontainer av-m3gjqj6v-c5c681e4463d54c8ae53c69d456a1658  avia-builder-el-3  el_after_av_heading  el_before_av_button  toggle_close_all' >\n<section class='av_toggle_section av-m3gj9ad6-b1bff175c3fddcb1d3cabd82f2b1a441'  itemscope=\"itemscope\" itemtype=\"https:\/\/schema.org\/CreativeWork\" ><div role=\"tablist\" class=\"single_toggle\" data-tags=\"{Todos} \"  ><p id='toggle-toggle-id-1' data-fake-id='#toggle-id-1' class='toggler  av-title-above '  itemprop=\"headline\"  role='tab' tabindex='0' aria-controls='toggle-id-1' data-slide-speed=\"200\" data-title=\"20 de Abril\" data-title-open=\"\" data-aria_collapsed=\"Click to expand: 20 de Abril\" data-aria_expanded=\"Click to collapse: 20 de Abril\">20 de Abril<span class=\"toggle_icon\"><span class=\"vert_icon\"><\/span><span class=\"hor_icon\"><\/span><\/span><\/p><div id='toggle-id-1' aria-labelledby='toggle-toggle-id-1' role='region' class='toggle_wrap  av-title-above'  ><div class='toggle_content invers-color '  itemprop=\"text\" ><h3 style=\"text-align: center;\">Abril<\/h3>\n<p style=\"text-align: center;\">20\/04\/2025 &#8211; 27\/04\/2025<\/p>\n<p style=\"text-align: center;\">15\/15<\/p>\n<\/div><\/div><\/div><\/section>\n<section class='av_toggle_section av-m3gjb4lv-942434ef2a075b3253e187d84e8f4527'  itemscope=\"itemscope\" itemtype=\"https:\/\/schema.org\/CreativeWork\" ><div role=\"tablist\" class=\"single_toggle\" data-tags=\"{Todos} \"  ><p id='toggle-toggle-id-2' data-fake-id='#toggle-id-2' class='toggler  av-title-above '  itemprop=\"headline\"  role='tab' tabindex='0' aria-controls='toggle-id-2' data-slide-speed=\"200\" data-title=\"08 de Junho\" data-title-open=\"\" data-aria_collapsed=\"Click to expand: 08 de Junho\" data-aria_expanded=\"Click to collapse: 08 de Junho\">08 de Junho<span class=\"toggle_icon\"><span class=\"vert_icon\"><\/span><span class=\"hor_icon\"><\/span><\/span><\/p><div id='toggle-id-2' aria-labelledby='toggle-toggle-id-2' role='region' class='toggle_wrap  av-title-above'  ><div class='toggle_content invers-color '  itemprop=\"text\" ><h3 style=\"text-align: center;\">Junho<\/h3>\n<p style=\"text-align: center;\">08\/06\/2025 &#8211; 15\/06\/2025<\/p>\n<p style=\"text-align: center;\">15\/15<\/p>\n<\/div><\/div><\/div><\/section>\n<section class='av_toggle_section av-m3gjcrnu-01f864799078c6333b7e10e886174c86'  itemscope=\"itemscope\" itemtype=\"https:\/\/schema.org\/CreativeWork\" ><div role=\"tablist\" class=\"single_toggle\" data-tags=\"{Todos} \"  ><p id='toggle-toggle-id-3' data-fake-id='#toggle-id-3' class='toggler  av-title-above '  itemprop=\"headline\"  role='tab' tabindex='0' aria-controls='toggle-id-3' data-slide-speed=\"200\" data-title=\"20 de Julho\" data-title-open=\"\" data-aria_collapsed=\"Click to expand: 20 de Julho\" data-aria_expanded=\"Click to collapse: 20 de Julho\">20 de Julho<span class=\"toggle_icon\"><span class=\"vert_icon\"><\/span><span class=\"hor_icon\"><\/span><\/span><\/p><div id='toggle-id-3' aria-labelledby='toggle-toggle-id-3' role='region' class='toggle_wrap  av-title-above'  ><div class='toggle_content invers-color '  itemprop=\"text\" ><h3 style=\"text-align: center;\">Julho<\/h3>\n<p style=\"text-align: center;\">20\/07\/2025 &#8211; 27\/07\/2025<\/p>\n<p style=\"text-align: center;\">15\/15<\/p>\n<\/div><\/div><\/div><\/section>\n<section class='av_toggle_section av-m3gjdqwq-837ef465bb13e2fd8be5c7ddb48d15e8'  itemscope=\"itemscope\" itemtype=\"https:\/\/schema.org\/CreativeWork\" ><div role=\"tablist\" class=\"single_toggle\" data-tags=\"{Todos} \"  ><p id='toggle-toggle-id-4' data-fake-id='#toggle-id-4' class='toggler  av-title-above '  itemprop=\"headline\"  role='tab' tabindex='0' aria-controls='toggle-id-4' data-slide-speed=\"200\" data-title=\"10 de Agosto\" data-title-open=\"\" data-aria_collapsed=\"Click to expand: 10 de Agosto\" data-aria_expanded=\"Click to collapse: 10 de Agosto\">10 de Agosto<span class=\"toggle_icon\"><span class=\"vert_icon\"><\/span><span class=\"hor_icon\"><\/span><\/span><\/p><div id='toggle-id-4' aria-labelledby='toggle-toggle-id-4' role='region' class='toggle_wrap  av-title-above'  ><div class='toggle_content invers-color '  itemprop=\"text\" ><h3 style=\"text-align: center;\">Agosto<\/h3>\n<p style=\"text-align: center;\">10\/08\/2025 &#8211; 17\/08\/2025<\/p>\n<p style=\"text-align: center;\">15\/15<\/p>\n<\/div><\/div><\/div><\/section>\n<section class='av_toggle_section av-m3gjez33-3ec204e15cfc2e14a21728bfe8f054c5'  itemscope=\"itemscope\" itemtype=\"https:\/\/schema.org\/CreativeWork\" ><div role=\"tablist\" class=\"single_toggle\" data-tags=\"{Todos} \"  ><p id='toggle-toggle-id-5' data-fake-id='#toggle-id-5' class='toggler  av-title-above '  itemprop=\"headline\"  role='tab' tabindex='0' aria-controls='toggle-id-5' data-slide-speed=\"200\" data-title=\"14 de Setembro\" data-title-open=\"\" data-aria_collapsed=\"Click to expand: 14 de Setembro\" data-aria_expanded=\"Click to collapse: 14 de Setembro\">14 de Setembro<span class=\"toggle_icon\"><span class=\"vert_icon\"><\/span><span class=\"hor_icon\"><\/span><\/span><\/p><div id='toggle-id-5' aria-labelledby='toggle-toggle-id-5' role='region' class='toggle_wrap  av-title-above'  ><div class='toggle_content invers-color '  itemprop=\"text\" ><h3 style=\"text-align: center;\">Setembro<\/h3>\n<p style=\"text-align: center;\">14\/09\/2025 &#8211; 21\/09\/2025<\/p>\n<p style=\"text-align: center;\">15\/15<\/p>\n<\/div><\/div><\/div><\/section>\n<section class='av_toggle_section av-m3gjfv0a-ecf7880bbeb9c849088be2eefcd4e735'  itemscope=\"itemscope\" itemtype=\"https:\/\/schema.org\/CreativeWork\" ><div role=\"tablist\" class=\"single_toggle\" data-tags=\"{Todos} \"  ><p id='toggle-toggle-id-6' data-fake-id='#toggle-id-6' class='toggler  av-title-above '  itemprop=\"headline\"  role='tab' tabindex='0' aria-controls='toggle-id-6' data-slide-speed=\"200\" data-title=\"12 de Outubro\" data-title-open=\"\" data-aria_collapsed=\"Click to expand: 12 de Outubro\" data-aria_expanded=\"Click to collapse: 12 de Outubro\">12 de Outubro<span class=\"toggle_icon\"><span class=\"vert_icon\"><\/span><span class=\"hor_icon\"><\/span><\/span><\/p><div id='toggle-id-6' aria-labelledby='toggle-toggle-id-6' role='region' class='toggle_wrap  av-title-above'  ><div class='toggle_content invers-color '  itemprop=\"text\" ><h3 style=\"text-align: center;\">Outubro<\/h3>\n<p style=\"text-align: center;\">12\/10\/2025 19\/10\/2025<\/p>\n<p style=\"text-align: center;\">15\/15<\/p>\n<\/div><\/div><\/div><\/section>\n<section class='av_toggle_section av-m3gjodln-1b8ee72a29a1f5d6809eb83965f5c9f1'  itemscope=\"itemscope\" itemtype=\"https:\/\/schema.org\/CreativeWork\" ><div role=\"tablist\" class=\"single_toggle\" data-tags=\"{Todos} \"  ><p id='toggle-toggle-id-7' data-fake-id='#toggle-id-7' class='toggler  av-title-above '  itemprop=\"headline\"  role='tab' tabindex='0' aria-controls='toggle-id-7' data-slide-speed=\"200\" data-title=\"09 de Novembro\" data-title-open=\"\" data-aria_collapsed=\"Click to expand: 09 de Novembro\" data-aria_expanded=\"Click to collapse: 09 de Novembro\">09 de Novembro<span class=\"toggle_icon\"><span class=\"vert_icon\"><\/span><span class=\"hor_icon\"><\/span><\/span><\/p><div id='toggle-id-7' aria-labelledby='toggle-toggle-id-7' role='region' class='toggle_wrap  av-title-above'  ><div class='toggle_content invers-color '  itemprop=\"text\" ><h3 style=\"text-align: center;\">Novembro<\/h3>\n<p style=\"text-align: center;\">09\/11\/2025 &#8211; 16\/11\/2025<\/p>\n<p style=\"text-align: center;\">15\/15<\/p>\n<\/div><\/div><\/div><\/section>\n<section class='av_toggle_section av-m3gjp8v0-c518c95e124ad6b788c22ca397321b70'  itemscope=\"itemscope\" itemtype=\"https:\/\/schema.org\/CreativeWork\" ><div role=\"tablist\" class=\"single_toggle\" data-tags=\"{Todos} \"  ><p id='toggle-toggle-id-8' data-fake-id='#toggle-id-8' class='toggler  av-title-above '  itemprop=\"headline\"  role='tab' tabindex='0' aria-controls='toggle-id-8' data-slide-speed=\"200\" data-title=\"07 de Dezembro\" data-title-open=\"\" data-aria_collapsed=\"Click to expand: 07 de Dezembro\" data-aria_expanded=\"Click to collapse: 07 de Dezembro\">07 de Dezembro<span class=\"toggle_icon\"><span class=\"vert_icon\"><\/span><span class=\"hor_icon\"><\/span><\/span><\/p><div id='toggle-id-8' aria-labelledby='toggle-toggle-id-8' role='region' class='toggle_wrap  av-title-above'  ><div class='toggle_content invers-color '  itemprop=\"text\" ><h3 style=\"text-align: center;\">Dezembro<\/h3>\n<p style=\"text-align: center;\">07\/12\/2025 &#8211; 14\/12\/2025<\/p>\n<p style=\"text-align: center;\">15\/15<\/p>\n<\/div><\/div><\/div><\/section>\n<\/div><br \/>\n<div  class='avia-button-wrap av-m7toekfn-db5e48b84592101505f1417a78562a15-wrap avia-button-center  avia-builder-el-4  el_after_av_toggle_container  avia-builder-el-last '><a href='https:\/\/sumaq.travel\/viajes-personalizados-a-peru\/viajes-privados-peru\/viajes-de-lujo-peru\/paisajes-legendarios-peru\/'  class='avia-button av-m7toekfn-db5e48b84592101505f1417a78562a15 av-link-btn avia-icon_select-no avia-size-large avia-position-center avia-color-theme-color'   aria-label=\"Voltar ao programa\"><span class='avia_iconbox_title' >Voltar ao programa<\/span><\/a><\/div><\/p><\/div>\n","protected":false},"excerpt":{"rendered":"","protected":false},"author":1,"featured_media":0,"parent":0,"menu_order":0,"comment_status":"closed","ping_status":"closed","template":"","meta":{"content-type":"","_joinchat":[],"footnotes":""},"class_list":["post-2065","page","type-page","status-publish","hentry"],"yoast_head":"<!-- This site is optimized with the Yoast SEO Premium plugin v24.1 (Yoast SEO v27.4) - https:\/\/yoast.com\/product\/yoast-seo-premium-wordpress\/ -->\n<title>Disponibilidade Peru Sabores Ancestrais<\/title>\n<meta name=\"description\" content=\"Consulte a disponibilidade de &quot;Peru Sabores Ancestrais e Paisagens Lend\u00e1rias&quot; e reserve seu lugar nesta viagem \u00fanica.\" \/>\n<meta name=\"robots\" content=\"index, nofollow, max-snippet:-1, max-image-preview:large, max-video-preview:-1\" \/>\n<link rel=\"canonical\" href=\"https:\/\/sumaq.travel\/pt-br\/peru-sabores-ancestrais-e-paisagens-lendarias-disponibilidade\/\" \/>\n<meta property=\"og:locale\" content=\"pt_BR\" \/>\n<meta property=\"og:type\" content=\"article\" \/>\n<meta property=\"og:title\" content=\"Disponibilidade de Peru Sabores Ancestrais e Paisagens Lend\u00e1rias\" \/>\n<meta property=\"og:description\" content=\"Consulte a disponibilidade da nossa viagem &quot;Peru Sabores Ancestrais e Paisagens Lend\u00e1rias&quot; e garanta sua experi\u00eancia gastron\u00f4mica e cultural no Peru.\" \/>\n<meta property=\"og:url\" content=\"https:\/\/sumaq.travel\/pt-br\/peru-sabores-ancestrais-e-paisagens-lendarias-disponibilidade\/\" \/>\n<meta property=\"og:site_name\" content=\"Sumaq Travel Per\u00fa\" \/>\n<meta property=\"article:publisher\" content=\"https:\/\/www.facebook.com\/people\/Sumaq-Travel\/100090580755508\/?locale=es_LA\" \/>\n<meta property=\"article:modified_time\" content=\"2025-07-29T17:51:18+00:00\" \/>\n<meta property=\"og:image\" content=\"https:\/\/sumaq.travel\/wp-content\/uploads\/2024\/11\/LGTB-LATERAL2-min-700x321.webp\" \/>\n<meta name=\"twitter:card\" content=\"summary_large_image\" \/>\n<meta name=\"twitter:title\" content=\"Disponibilidade de Peru Sabores Ancestrais e Paisagens Lend\u00e1rias\" \/>\n<meta name=\"twitter:description\" content=\"Consulte a disponibilidade da nossa viagem &quot;Peru Sabores Ancestrais e Paisagens Lend\u00e1rias&quot; e garanta sua experi\u00eancia gastron\u00f4mica e cultural no Peru.\" \/>\n<meta name=\"twitter:label1\" content=\"Est. tempo de leitura\" \/>\n\t<meta name=\"twitter:data1\" content=\"9 minutos\" \/>\n<script type=\"application\/ld+json\" class=\"yoast-schema-graph\">{\"@context\":\"https:\\\/\\\/schema.org\",\"@graph\":[{\"@type\":\"WebPage\",\"@id\":\"https:\\\/\\\/sumaq.travel\\\/pt-br\\\/peru-sabores-ancestrais-e-paisagens-lendarias-disponibilidade\\\/\",\"url\":\"https:\\\/\\\/sumaq.travel\\\/pt-br\\\/peru-sabores-ancestrais-e-paisagens-lendarias-disponibilidade\\\/\",\"name\":\"Disponibilidade Peru Sabores Ancestrais\",\"isPartOf\":{\"@id\":\"https:\\\/\\\/sumaq.travel\\\/pt-br\\\/#website\"},\"datePublished\":\"2024-11-14T00:03:59+00:00\",\"dateModified\":\"2025-07-29T17:51:18+00:00\",\"description\":\"Consulte a disponibilidade de \\\"Peru Sabores Ancestrais e Paisagens Lend\u00e1rias\\\" e reserve seu lugar nesta viagem \u00fanica.\",\"breadcrumb\":{\"@id\":\"https:\\\/\\\/sumaq.travel\\\/pt-br\\\/peru-sabores-ancestrais-e-paisagens-lendarias-disponibilidade\\\/#breadcrumb\"},\"inLanguage\":\"pt-BR\",\"potentialAction\":[{\"@type\":\"ReadAction\",\"target\":[\"https:\\\/\\\/sumaq.travel\\\/pt-br\\\/peru-sabores-ancestrais-e-paisagens-lendarias-disponibilidade\\\/\"]}]},{\"@type\":\"BreadcrumbList\",\"@id\":\"https:\\\/\\\/sumaq.travel\\\/pt-br\\\/peru-sabores-ancestrais-e-paisagens-lendarias-disponibilidade\\\/#breadcrumb\",\"itemListElement\":[{\"@type\":\"ListItem\",\"position\":1,\"name\":\"Portada\",\"item\":\"https:\\\/\\\/sumaq.travel\\\/pt-br\\\/\"},{\"@type\":\"ListItem\",\"position\":2,\"name\":\"Peru, Sabores Ancestrais e Paisagens Lend\u00e1rias \u2013 disponibilidade\"}]},{\"@type\":\"WebSite\",\"@id\":\"https:\\\/\\\/sumaq.travel\\\/pt-br\\\/#website\",\"url\":\"https:\\\/\\\/sumaq.travel\\\/pt-br\\\/\",\"name\":\"Viajes especiales a Per\u00fa\",\"description\":\"Viajes privados de lujo a medida.\",\"publisher\":{\"@id\":\"https:\\\/\\\/sumaq.travel\\\/pt-br\\\/#organization\"},\"potentialAction\":[{\"@type\":\"SearchAction\",\"target\":{\"@type\":\"EntryPoint\",\"urlTemplate\":\"https:\\\/\\\/sumaq.travel\\\/pt-br\\\/?s={search_term_string}\"},\"query-input\":{\"@type\":\"PropertyValueSpecification\",\"valueRequired\":true,\"valueName\":\"search_term_string\"}}],\"inLanguage\":\"pt-BR\"},{\"@type\":\"Organization\",\"@id\":\"https:\\\/\\\/sumaq.travel\\\/pt-br\\\/#organization\",\"name\":\"Sumaq Travel\",\"url\":\"https:\\\/\\\/sumaq.travel\\\/pt-br\\\/\",\"logo\":{\"@type\":\"ImageObject\",\"inLanguage\":\"pt-BR\",\"@id\":\"https:\\\/\\\/sumaq.travel\\\/pt-br\\\/#\\\/schema\\\/logo\\\/image\\\/\",\"url\":\"https:\\\/\\\/sumaq.travel\\\/wp-content\\\/uploads\\\/2024\\\/11\\\/LOGO-SUMAQ-TRAVEL-HOME-WEB-horizontal.jpg\",\"contentUrl\":\"https:\\\/\\\/sumaq.travel\\\/wp-content\\\/uploads\\\/2024\\\/11\\\/LOGO-SUMAQ-TRAVEL-HOME-WEB-horizontal.jpg\",\"width\":1310,\"height\":386,\"caption\":\"Sumaq Travel\"},\"image\":{\"@id\":\"https:\\\/\\\/sumaq.travel\\\/pt-br\\\/#\\\/schema\\\/logo\\\/image\\\/\"},\"sameAs\":[\"https:\\\/\\\/www.facebook.com\\\/people\\\/Sumaq-Travel\\\/100090580755508\\\/?locale=es_LA\"]}]}<\/script>\n<!-- \/ Yoast SEO Premium plugin. -->","yoast_head_json":{"title":"Disponibilidade Peru Sabores Ancestrais","description":"Consulte a disponibilidade de \"Peru Sabores Ancestrais e Paisagens Lend\u00e1rias\" e reserve seu lugar nesta viagem \u00fanica.","robots":{"index":"index","follow":"nofollow","max-snippet":"max-snippet:-1","max-image-preview":"max-image-preview:large","max-video-preview":"max-video-preview:-1"},"canonical":"https:\/\/sumaq.travel\/pt-br\/peru-sabores-ancestrais-e-paisagens-lendarias-disponibilidade\/","og_locale":"pt_BR","og_type":"article","og_title":"Disponibilidade de Peru Sabores Ancestrais e Paisagens Lend\u00e1rias","og_description":"Consulte a disponibilidade da nossa viagem \"Peru Sabores Ancestrais e Paisagens Lend\u00e1rias\" e garanta sua experi\u00eancia gastron\u00f4mica e cultural no Peru.","og_url":"https:\/\/sumaq.travel\/pt-br\/peru-sabores-ancestrais-e-paisagens-lendarias-disponibilidade\/","og_site_name":"Sumaq Travel Per\u00fa","article_publisher":"https:\/\/www.facebook.com\/people\/Sumaq-Travel\/100090580755508\/?locale=es_LA","article_modified_time":"2025-07-29T17:51:18+00:00","og_image":[{"url":"https:\/\/sumaq.travel\/wp-content\/uploads\/2024\/11\/LGTB-LATERAL2-min-700x321.webp","type":"","width":"","height":""}],"twitter_card":"summary_large_image","twitter_title":"Disponibilidade de Peru Sabores Ancestrais e Paisagens Lend\u00e1rias","twitter_description":"Consulte a disponibilidade da nossa viagem \"Peru Sabores Ancestrais e Paisagens Lend\u00e1rias\" e garanta sua experi\u00eancia gastron\u00f4mica e cultural no Peru.","twitter_misc":{"Est. tempo de leitura":"9 minutos"},"schema":{"@context":"https:\/\/schema.org","@graph":[{"@type":"WebPage","@id":"https:\/\/sumaq.travel\/pt-br\/peru-sabores-ancestrais-e-paisagens-lendarias-disponibilidade\/","url":"https:\/\/sumaq.travel\/pt-br\/peru-sabores-ancestrais-e-paisagens-lendarias-disponibilidade\/","name":"Disponibilidade Peru Sabores Ancestrais","isPartOf":{"@id":"https:\/\/sumaq.travel\/pt-br\/#website"},"datePublished":"2024-11-14T00:03:59+00:00","dateModified":"2025-07-29T17:51:18+00:00","description":"Consulte a disponibilidade de \"Peru Sabores Ancestrais e Paisagens Lend\u00e1rias\" e reserve seu lugar nesta viagem \u00fanica.","breadcrumb":{"@id":"https:\/\/sumaq.travel\/pt-br\/peru-sabores-ancestrais-e-paisagens-lendarias-disponibilidade\/#breadcrumb"},"inLanguage":"pt-BR","potentialAction":[{"@type":"ReadAction","target":["https:\/\/sumaq.travel\/pt-br\/peru-sabores-ancestrais-e-paisagens-lendarias-disponibilidade\/"]}]},{"@type":"BreadcrumbList","@id":"https:\/\/sumaq.travel\/pt-br\/peru-sabores-ancestrais-e-paisagens-lendarias-disponibilidade\/#breadcrumb","itemListElement":[{"@type":"ListItem","position":1,"name":"Portada","item":"https:\/\/sumaq.travel\/pt-br\/"},{"@type":"ListItem","position":2,"name":"Peru, Sabores Ancestrais e Paisagens Lend\u00e1rias \u2013 disponibilidade"}]},{"@type":"WebSite","@id":"https:\/\/sumaq.travel\/pt-br\/#website","url":"https:\/\/sumaq.travel\/pt-br\/","name":"Viajes especiales a Per\u00fa","description":"Viajes privados de lujo a medida.","publisher":{"@id":"https:\/\/sumaq.travel\/pt-br\/#organization"},"potentialAction":[{"@type":"SearchAction","target":{"@type":"EntryPoint","urlTemplate":"https:\/\/sumaq.travel\/pt-br\/?s={search_term_string}"},"query-input":{"@type":"PropertyValueSpecification","valueRequired":true,"valueName":"search_term_string"}}],"inLanguage":"pt-BR"},{"@type":"Organization","@id":"https:\/\/sumaq.travel\/pt-br\/#organization","name":"Sumaq Travel","url":"https:\/\/sumaq.travel\/pt-br\/","logo":{"@type":"ImageObject","inLanguage":"pt-BR","@id":"https:\/\/sumaq.travel\/pt-br\/#\/schema\/logo\/image\/","url":"https:\/\/sumaq.travel\/wp-content\/uploads\/2024\/11\/LOGO-SUMAQ-TRAVEL-HOME-WEB-horizontal.jpg","contentUrl":"https:\/\/sumaq.travel\/wp-content\/uploads\/2024\/11\/LOGO-SUMAQ-TRAVEL-HOME-WEB-horizontal.jpg","width":1310,"height":386,"caption":"Sumaq Travel"},"image":{"@id":"https:\/\/sumaq.travel\/pt-br\/#\/schema\/logo\/image\/"},"sameAs":["https:\/\/www.facebook.com\/people\/Sumaq-Travel\/100090580755508\/?locale=es_LA"]}]}},"_links":{"self":[{"href":"https:\/\/sumaq.travel\/pt-br\/wp-json\/wp\/v2\/pages\/2065","targetHints":{"allow":["GET"]}}],"collection":[{"href":"https:\/\/sumaq.travel\/pt-br\/wp-json\/wp\/v2\/pages"}],"about":[{"href":"https:\/\/sumaq.travel\/pt-br\/wp-json\/wp\/v2\/types\/page"}],"author":[{"embeddable":true,"href":"https:\/\/sumaq.travel\/pt-br\/wp-json\/wp\/v2\/users\/1"}],"replies":[{"embeddable":true,"href":"https:\/\/sumaq.travel\/pt-br\/wp-json\/wp\/v2\/comments?post=2065"}],"version-history":[{"count":2,"href":"https:\/\/sumaq.travel\/pt-br\/wp-json\/wp\/v2\/pages\/2065\/revisions"}],"predecessor-version":[{"id":2067,"href":"https:\/\/sumaq.travel\/pt-br\/wp-json\/wp\/v2\/pages\/2065\/revisions\/2067"}],"wp:attachment":[{"href":"https:\/\/sumaq.travel\/pt-br\/wp-json\/wp\/v2\/media?parent=2065"}],"curies":[{"name":"wp","href":"https:\/\/api.w.org\/{rel}","templated":true}]}}