{"id":1650,"date":"2024-11-14T00:03:59","date_gmt":"2024-11-14T00:03:59","guid":{"rendered":"https:\/\/sumaq.travel\/peru-uralte-aromen-und-legendaere-landschaften-verfuegbarkeit\/"},"modified":"2025-06-18T13:50:56","modified_gmt":"2025-06-18T13:50:56","slug":"peru-uralte-aromen-und-legendaere-landschaften-verfuegbarkeit","status":"publish","type":"page","link":"https:\/\/sumaq.travel\/de\/peru-uralte-aromen-und-legendaere-landschaften-verfuegbarkeit\/","title":{"rendered":"Peru: Uralte Aromen und legend\u00e4re Landschaften \u2013 Verf\u00fcgbarkeit"},"content":{"rendered":"<div  class='flex_column av-h56zy-6dd2c6fbc35ef48c117d9ae30689f9b6 av_one_fifth  avia-builder-el-0  el_before_av_three_fifth  avia-builder-el-first  first flex_column_div  '     ><\/div>\n<div  class='flex_column av-a2yzq-be1660b59e27f23e6fe5222dc9001f00 av_three_fifth  avia-builder-el-1  el_after_av_one_fifth  avia-builder-el-last  flex_column_div  '     ><p>\n<style type=\"text\/css\" data-created_by=\"avia_inline_auto\" id=\"style-css-av-m3gj04ci-3828fbc445c4bd5bcae10c5e376cbfcd\">\n#top .av-special-heading.av-m3gj04ci-3828fbc445c4bd5bcae10c5e376cbfcd{\npadding-bottom:10px;\n}\nbody .av-special-heading.av-m3gj04ci-3828fbc445c4bd5bcae10c5e376cbfcd .av-special-heading-tag .heading-char{\nfont-size:25px;\n}\n.av-special-heading.av-m3gj04ci-3828fbc445c4bd5bcae10c5e376cbfcd .av-subheading{\nfont-size:15px;\n}\n<\/style>\n<div  class='av-special-heading av-m3gj04ci-3828fbc445c4bd5bcae10c5e376cbfcd av-special-heading-h3  avia-builder-el-2  el_before_av_toggle_container  avia-builder-el-first '><h3 class='av-special-heading-tag '  itemprop=\"headline\"  >Reisetermine und verf\u00fcgbare Pl\u00e4tze<\/h3><div class=\"special-heading-border\"><div class=\"special-heading-inner-border\"><\/div><\/div><\/div><br \/>\n\n<style type=\"text\/css\" data-created_by=\"avia_inline_auto\" id=\"style-css-av-m3gjqj6v-c5c681e4463d54c8ae53c69d456a1658\">\n#top .togglecontainer.av-m3gjqj6v-c5c681e4463d54c8ae53c69d456a1658 p.toggler{\nbackground-color:rgba(237,172,61,0.48);\n}\n#top .togglecontainer.av-m3gjqj6v-c5c681e4463d54c8ae53c69d456a1658 .toggle_wrap .toggle_content{\nbackground-color:rgba(237,172,61,0.48);\n}\n<\/style>\n<div  class='togglecontainer av-m3gjqj6v-c5c681e4463d54c8ae53c69d456a1658  avia-builder-el-3  el_after_av_heading  el_before_av_button  toggle_close_all' >\n<section class='av_toggle_section av-m3gj9ad6-800e127a7b9fbbbcb95105bb00805f07'  itemscope=\"itemscope\" itemtype=\"https:\/\/schema.org\/CreativeWork\" ><div role=\"tablist\" class=\"single_toggle\" data-tags=\"{Alle} \"  ><p id='toggle-toggle-id-1' data-fake-id='#toggle-id-1' class='toggler  av-title-above '  itemprop=\"headline\"  role='tab' tabindex='0' aria-controls='toggle-id-1' data-slide-speed=\"200\" data-title=\"20. April\" data-title-open=\"\" data-aria_collapsed=\"Click to expand: 20. April\" data-aria_expanded=\"Click to collapse: 20. April\">20. April<span class=\"toggle_icon\"><span class=\"vert_icon\"><\/span><span class=\"hor_icon\"><\/span><\/span><\/p><div id='toggle-id-1' aria-labelledby='toggle-toggle-id-1' role='region' class='toggle_wrap  av-title-above'  ><div class='toggle_content invers-color '  itemprop=\"text\" ><h3 style=\"text-align: center;\">April<\/h3>\n<p style=\"text-align: center;\">20\/04\/2025 &#8211; 27\/04\/2025<\/p>\n<p style=\"text-align: center;\">15\/15<\/p>\n<\/div><\/div><\/div><\/section>\n<section class='av_toggle_section av-m3gjb4lv-a900147f9eafdcfa71c02bfedadd1896'  itemscope=\"itemscope\" itemtype=\"https:\/\/schema.org\/CreativeWork\" ><div role=\"tablist\" class=\"single_toggle\" data-tags=\"{Alle} \"  ><p id='toggle-toggle-id-2' data-fake-id='#toggle-id-2' class='toggler  av-title-above '  itemprop=\"headline\"  role='tab' tabindex='0' aria-controls='toggle-id-2' data-slide-speed=\"200\" data-title=\"8. Juni\" data-title-open=\"\" data-aria_collapsed=\"Click to expand: 8. Juni\" data-aria_expanded=\"Click to collapse: 8. Juni\">8. Juni<span class=\"toggle_icon\"><span class=\"vert_icon\"><\/span><span class=\"hor_icon\"><\/span><\/span><\/p><div id='toggle-id-2' aria-labelledby='toggle-toggle-id-2' role='region' class='toggle_wrap  av-title-above'  ><div class='toggle_content invers-color '  itemprop=\"text\" ><h3 style=\"text-align: center;\">Juni<\/h3>\n<p style=\"text-align: center;\">08\/06\/2025 &#8211; 15\/06\/2025<\/p>\n<p style=\"text-align: center;\">15\/15<\/p>\n<\/div><\/div><\/div><\/section>\n<section class='av_toggle_section av-m3gjcrnu-d7b3175690d03333d2f47bc28fc7e17e'  itemscope=\"itemscope\" itemtype=\"https:\/\/schema.org\/CreativeWork\" ><div role=\"tablist\" class=\"single_toggle\" data-tags=\"{Alle} \"  ><p id='toggle-toggle-id-3' data-fake-id='#toggle-id-3' class='toggler  av-title-above '  itemprop=\"headline\"  role='tab' tabindex='0' aria-controls='toggle-id-3' data-slide-speed=\"200\" data-title=\"20. Juli\" data-title-open=\"\" data-aria_collapsed=\"Click to expand: 20. Juli\" data-aria_expanded=\"Click to collapse: 20. Juli\">20. Juli<span class=\"toggle_icon\"><span class=\"vert_icon\"><\/span><span class=\"hor_icon\"><\/span><\/span><\/p><div id='toggle-id-3' aria-labelledby='toggle-toggle-id-3' role='region' class='toggle_wrap  av-title-above'  ><div class='toggle_content invers-color '  itemprop=\"text\" ><h3 style=\"text-align: center;\">Juli<\/h3>\n<p style=\"text-align: center;\">20\/07\/2025 &#8211; 27\/07\/2025<\/p>\n<p style=\"text-align: center;\">15\/15<\/p>\n<\/div><\/div><\/div><\/section>\n<section class='av_toggle_section av-m3gjdqwq-ab77224f3756bf3ef7615ebea99eced4'  itemscope=\"itemscope\" itemtype=\"https:\/\/schema.org\/CreativeWork\" ><div role=\"tablist\" class=\"single_toggle\" data-tags=\"{Alle} \"  ><p id='toggle-toggle-id-4' data-fake-id='#toggle-id-4' class='toggler  av-title-above '  itemprop=\"headline\"  role='tab' tabindex='0' aria-controls='toggle-id-4' data-slide-speed=\"200\" data-title=\"10. August\" data-title-open=\"\" data-aria_collapsed=\"Click to expand: 10. August\" data-aria_expanded=\"Click to collapse: 10. August\">10. August<span class=\"toggle_icon\"><span class=\"vert_icon\"><\/span><span class=\"hor_icon\"><\/span><\/span><\/p><div id='toggle-id-4' aria-labelledby='toggle-toggle-id-4' role='region' class='toggle_wrap  av-title-above'  ><div class='toggle_content invers-color '  itemprop=\"text\" ><h3 style=\"text-align: center;\">Agosto<\/h3>\n<p style=\"text-align: center;\">10\/08\/2025 &#8211; 17\/08\/2025<\/p>\n<p style=\"text-align: center;\">15\/15<\/p>\n<\/div><\/div><\/div><\/section>\n<section class='av_toggle_section av-m3gjez33-c90c45f21ccc8537babfe2950865b14b'  itemscope=\"itemscope\" itemtype=\"https:\/\/schema.org\/CreativeWork\" ><div role=\"tablist\" class=\"single_toggle\" data-tags=\"{Alle} \"  ><p id='toggle-toggle-id-5' data-fake-id='#toggle-id-5' class='toggler  av-title-above '  itemprop=\"headline\"  role='tab' tabindex='0' aria-controls='toggle-id-5' data-slide-speed=\"200\" data-title=\"14. September\" data-title-open=\"\" data-aria_collapsed=\"Click to expand: 14. September\" data-aria_expanded=\"Click to collapse: 14. September\">14. September<span class=\"toggle_icon\"><span class=\"vert_icon\"><\/span><span class=\"hor_icon\"><\/span><\/span><\/p><div id='toggle-id-5' aria-labelledby='toggle-toggle-id-5' role='region' class='toggle_wrap  av-title-above'  ><div class='toggle_content invers-color '  itemprop=\"text\" ><h3 style=\"text-align: center;\">September<\/h3>\n<p style=\"text-align: center;\">14\/09\/2025 &#8211; 21\/09\/2025<\/p>\n<p style=\"text-align: center;\">15\/15<\/p>\n<\/div><\/div><\/div><\/section>\n<section class='av_toggle_section av-m3gjfv0a-5d5697b78108dcb4776e074a433ea436'  itemscope=\"itemscope\" itemtype=\"https:\/\/schema.org\/CreativeWork\" ><div role=\"tablist\" class=\"single_toggle\" data-tags=\"{Alle} \"  ><p id='toggle-toggle-id-6' data-fake-id='#toggle-id-6' class='toggler  av-title-above '  itemprop=\"headline\"  role='tab' tabindex='0' aria-controls='toggle-id-6' data-slide-speed=\"200\" data-title=\"12. Oktober\" data-title-open=\"\" data-aria_collapsed=\"Click to expand: 12. Oktober\" data-aria_expanded=\"Click to collapse: 12. Oktober\">12. Oktober<span class=\"toggle_icon\"><span class=\"vert_icon\"><\/span><span class=\"hor_icon\"><\/span><\/span><\/p><div id='toggle-id-6' aria-labelledby='toggle-toggle-id-6' role='region' class='toggle_wrap  av-title-above'  ><div class='toggle_content invers-color '  itemprop=\"text\" ><h3 style=\"text-align: center;\">Oktober<\/h3>\n<p style=\"text-align: center;\">12\/10\/2025 19\/10\/2025<\/p>\n<p style=\"text-align: center;\">15\/15<\/p>\n<\/div><\/div><\/div><\/section>\n<section class='av_toggle_section av-m3gjodln-d1d3308ed398a9eada5583d229a27b9c'  itemscope=\"itemscope\" itemtype=\"https:\/\/schema.org\/CreativeWork\" ><div role=\"tablist\" class=\"single_toggle\" data-tags=\"{Alle} \"  ><p id='toggle-toggle-id-7' data-fake-id='#toggle-id-7' class='toggler  av-title-above '  itemprop=\"headline\"  role='tab' tabindex='0' aria-controls='toggle-id-7' data-slide-speed=\"200\" data-title=\"9. November\" data-title-open=\"\" data-aria_collapsed=\"Click to expand: 9. November\" data-aria_expanded=\"Click to collapse: 9. November\">9. November<span class=\"toggle_icon\"><span class=\"vert_icon\"><\/span><span class=\"hor_icon\"><\/span><\/span><\/p><div id='toggle-id-7' aria-labelledby='toggle-toggle-id-7' role='region' class='toggle_wrap  av-title-above'  ><div class='toggle_content invers-color '  itemprop=\"text\" ><h3 style=\"text-align: center;\">November<\/h3>\n<p style=\"text-align: center;\">09\/11\/2025 &#8211; 16\/11\/2025<\/p>\n<p style=\"text-align: center;\">15\/15<\/p>\n<\/div><\/div><\/div><\/section>\n<section class='av_toggle_section av-m3gjp8v0-727aa480fd36b97abdf3eafff6f82711'  itemscope=\"itemscope\" itemtype=\"https:\/\/schema.org\/CreativeWork\" ><div role=\"tablist\" class=\"single_toggle\" data-tags=\"{Alle} \"  ><p id='toggle-toggle-id-8' data-fake-id='#toggle-id-8' class='toggler  av-title-above '  itemprop=\"headline\"  role='tab' tabindex='0' aria-controls='toggle-id-8' data-slide-speed=\"200\" data-title=\"7. Dezember\" data-title-open=\"\" data-aria_collapsed=\"Click to expand: 7. Dezember\" data-aria_expanded=\"Click to collapse: 7. Dezember\">7. Dezember<span class=\"toggle_icon\"><span class=\"vert_icon\"><\/span><span class=\"hor_icon\"><\/span><\/span><\/p><div id='toggle-id-8' aria-labelledby='toggle-toggle-id-8' role='region' class='toggle_wrap  av-title-above'  ><div class='toggle_content invers-color '  itemprop=\"text\" ><h3 style=\"text-align: center;\">Diciembre<\/h3>\n<p style=\"text-align: center;\">07\/12\/2025 &#8211; 14\/12\/2025<\/p>\n<p style=\"text-align: center;\">15\/15<\/p>\n<\/div><\/div><\/div><\/section>\n<\/div><br \/>\n<div  class='avia-button-wrap av-m7toekfn-98497a14d4f08a8c9c4efed89227685b-wrap avia-button-center  avia-builder-el-4  el_after_av_toggle_container  avia-builder-el-last '><a href='https:\/\/sumaq.travel\/viajes-personalizados-a-peru\/viajes-privados-peru\/viajes-de-lujo-peru\/paisajes-legendarios-peru\/'  class='avia-button av-m7toekfn-98497a14d4f08a8c9c4efed89227685b av-link-btn avia-icon_select-no avia-size-large avia-position-center avia-color-theme-color'   aria-label=\"Zur\u00fcck zum Programm\"><span class='avia_iconbox_title' >Zur\u00fcck zum Programm<\/span><\/a><\/div><\/p><\/div>\n","protected":false},"excerpt":{"rendered":"","protected":false},"author":1,"featured_media":0,"parent":0,"menu_order":0,"comment_status":"closed","ping_status":"closed","template":"","meta":{"content-type":"","_joinchat":[],"footnotes":""},"class_list":["post-1650","page","type-page","status-publish","hentry"],"yoast_head":"<!-- This site is optimized with the Yoast SEO Premium plugin v24.1 (Yoast SEO v27.4) - https:\/\/yoast.com\/product\/yoast-seo-premium-wordpress\/ -->\n<title>Verf\u00fcgbarkeit \u2013 Peru: Uralte Aromen und legend\u00e4re Landschaften<\/title>\n<meta name=\"description\" content=\"Pr\u00fcfen Sie die Verf\u00fcgbarkeit von \u201ePeru: Uralte Aromen und legend\u00e4re Landschaften\u201c und sichern Sie sich Ihren Platz auf dieser einzigartigen Reise.\" \/>\n<meta name=\"robots\" content=\"index, nofollow, max-snippet:-1, max-image-preview:large, max-video-preview:-1\" \/>\n<link rel=\"canonical\" href=\"https:\/\/sumaq.travel\/de\/peru-uralte-aromen-und-legendaere-landschaften-verfuegbarkeit\/\" \/>\n<meta property=\"og:locale\" content=\"de_DE\" \/>\n<meta property=\"og:type\" content=\"article\" \/>\n<meta property=\"og:title\" content=\"Verf\u00fcgbarkeit der Reise \u201ePeru: Uralte Aromen und legend\u00e4re Landschaften\u201c\" \/>\n<meta property=\"og:description\" content=\"Informieren Sie sich \u00fcber die Verf\u00fcgbarkeit unserer Reise \u201ePeru: Uralte Aromen und legend\u00e4re Landschaften\u201c und sichern Sie sich Ihr kulinarisches und kulturelles Erlebnis in Peru.\" \/>\n<meta property=\"og:url\" content=\"https:\/\/sumaq.travel\/de\/peru-uralte-aromen-und-legendaere-landschaften-verfuegbarkeit\/\" \/>\n<meta property=\"og:site_name\" content=\"Sumaq Travel Per\u00fa\" \/>\n<meta property=\"article:publisher\" content=\"https:\/\/www.facebook.com\/people\/Sumaq-Travel\/100090580755508\/?locale=es_LA\" \/>\n<meta property=\"article:modified_time\" content=\"2025-06-18T13:50:56+00:00\" \/>\n<meta property=\"og:image\" content=\"https:\/\/sumaq.travel\/wp-content\/uploads\/2024\/11\/LGTB-LATERAL2-min-700x321.webp\" \/>\n<meta name=\"twitter:card\" content=\"summary_large_image\" \/>\n<meta name=\"twitter:title\" content=\"Verf\u00fcgbarkeit der Reise \u201ePeru: Uralte Aromen und legend\u00e4re Landschaften\u201c\" \/>\n<meta name=\"twitter:description\" content=\"Informieren Sie sich \u00fcber die Verf\u00fcgbarkeit unserer Reise \u201ePeru: Uralte Aromen und legend\u00e4re Landschaften\u201c und sichern Sie sich Ihr kulinarisches und kulturelles Erlebnis in Peru.\" \/>\n<meta name=\"twitter:label1\" content=\"Gesch\u00e4tzte Lesezeit\" \/>\n\t<meta name=\"twitter:data1\" content=\"1\u00a0Minute\" \/>\n<script type=\"application\/ld+json\" class=\"yoast-schema-graph\">{\"@context\":\"https:\\\/\\\/schema.org\",\"@graph\":[{\"@type\":\"WebPage\",\"@id\":\"https:\\\/\\\/sumaq.travel\\\/de\\\/peru-uralte-aromen-und-legendaere-landschaften-verfuegbarkeit\\\/\",\"url\":\"https:\\\/\\\/sumaq.travel\\\/de\\\/peru-uralte-aromen-und-legendaere-landschaften-verfuegbarkeit\\\/\",\"name\":\"Verf\u00fcgbarkeit \u2013 Peru: Uralte Aromen und legend\u00e4re Landschaften\",\"isPartOf\":{\"@id\":\"https:\\\/\\\/sumaq.travel\\\/de\\\/#website\"},\"datePublished\":\"2024-11-14T00:03:59+00:00\",\"dateModified\":\"2025-06-18T13:50:56+00:00\",\"description\":\"Pr\u00fcfen Sie die Verf\u00fcgbarkeit von \u201ePeru: Uralte Aromen und legend\u00e4re Landschaften\u201c und sichern Sie sich Ihren Platz auf dieser einzigartigen Reise.\",\"breadcrumb\":{\"@id\":\"https:\\\/\\\/sumaq.travel\\\/de\\\/peru-uralte-aromen-und-legendaere-landschaften-verfuegbarkeit\\\/#breadcrumb\"},\"inLanguage\":\"de\",\"potentialAction\":[{\"@type\":\"ReadAction\",\"target\":[\"https:\\\/\\\/sumaq.travel\\\/de\\\/peru-uralte-aromen-und-legendaere-landschaften-verfuegbarkeit\\\/\"]}]},{\"@type\":\"BreadcrumbList\",\"@id\":\"https:\\\/\\\/sumaq.travel\\\/de\\\/peru-uralte-aromen-und-legendaere-landschaften-verfuegbarkeit\\\/#breadcrumb\",\"itemListElement\":[{\"@type\":\"ListItem\",\"position\":1,\"name\":\"Portada\",\"item\":\"https:\\\/\\\/sumaq.travel\\\/de\\\/\"},{\"@type\":\"ListItem\",\"position\":2,\"name\":\"Peru: Uralte Aromen und legend\u00e4re Landschaften \u2013 Verf\u00fcgbarkeit\"}]},{\"@type\":\"WebSite\",\"@id\":\"https:\\\/\\\/sumaq.travel\\\/de\\\/#website\",\"url\":\"https:\\\/\\\/sumaq.travel\\\/de\\\/\",\"name\":\"Viajes especiales a Per\u00fa\",\"description\":\"Viajes privados de lujo a medida.\",\"publisher\":{\"@id\":\"https:\\\/\\\/sumaq.travel\\\/de\\\/#organization\"},\"potentialAction\":[{\"@type\":\"SearchAction\",\"target\":{\"@type\":\"EntryPoint\",\"urlTemplate\":\"https:\\\/\\\/sumaq.travel\\\/de\\\/?s={search_term_string}\"},\"query-input\":{\"@type\":\"PropertyValueSpecification\",\"valueRequired\":true,\"valueName\":\"search_term_string\"}}],\"inLanguage\":\"de\"},{\"@type\":\"Organization\",\"@id\":\"https:\\\/\\\/sumaq.travel\\\/de\\\/#organization\",\"name\":\"Sumaq Travel\",\"url\":\"https:\\\/\\\/sumaq.travel\\\/de\\\/\",\"logo\":{\"@type\":\"ImageObject\",\"inLanguage\":\"de\",\"@id\":\"https:\\\/\\\/sumaq.travel\\\/de\\\/#\\\/schema\\\/logo\\\/image\\\/\",\"url\":\"https:\\\/\\\/sumaq.travel\\\/wp-content\\\/uploads\\\/2024\\\/11\\\/LOGO-SUMAQ-TRAVEL-HOME-WEB-horizontal.jpg\",\"contentUrl\":\"https:\\\/\\\/sumaq.travel\\\/wp-content\\\/uploads\\\/2024\\\/11\\\/LOGO-SUMAQ-TRAVEL-HOME-WEB-horizontal.jpg\",\"width\":1310,\"height\":386,\"caption\":\"Sumaq Travel\"},\"image\":{\"@id\":\"https:\\\/\\\/sumaq.travel\\\/de\\\/#\\\/schema\\\/logo\\\/image\\\/\"},\"sameAs\":[\"https:\\\/\\\/www.facebook.com\\\/people\\\/Sumaq-Travel\\\/100090580755508\\\/?locale=es_LA\"]}]}<\/script>\n<!-- \/ Yoast SEO Premium plugin. -->","yoast_head_json":{"title":"Verf\u00fcgbarkeit \u2013 Peru: Uralte Aromen und legend\u00e4re Landschaften","description":"Pr\u00fcfen Sie die Verf\u00fcgbarkeit von \u201ePeru: Uralte Aromen und legend\u00e4re Landschaften\u201c und sichern Sie sich Ihren Platz auf dieser einzigartigen Reise.","robots":{"index":"index","follow":"nofollow","max-snippet":"max-snippet:-1","max-image-preview":"max-image-preview:large","max-video-preview":"max-video-preview:-1"},"canonical":"https:\/\/sumaq.travel\/de\/peru-uralte-aromen-und-legendaere-landschaften-verfuegbarkeit\/","og_locale":"de_DE","og_type":"article","og_title":"Verf\u00fcgbarkeit der Reise \u201ePeru: Uralte Aromen und legend\u00e4re Landschaften\u201c","og_description":"Informieren Sie sich \u00fcber die Verf\u00fcgbarkeit unserer Reise \u201ePeru: Uralte Aromen und legend\u00e4re Landschaften\u201c und sichern Sie sich Ihr kulinarisches und kulturelles Erlebnis in Peru.","og_url":"https:\/\/sumaq.travel\/de\/peru-uralte-aromen-und-legendaere-landschaften-verfuegbarkeit\/","og_site_name":"Sumaq Travel Per\u00fa","article_publisher":"https:\/\/www.facebook.com\/people\/Sumaq-Travel\/100090580755508\/?locale=es_LA","article_modified_time":"2025-06-18T13:50:56+00:00","og_image":[{"url":"https:\/\/sumaq.travel\/wp-content\/uploads\/2024\/11\/LGTB-LATERAL2-min-700x321.webp","type":"","width":"","height":""}],"twitter_card":"summary_large_image","twitter_title":"Verf\u00fcgbarkeit der Reise \u201ePeru: Uralte Aromen und legend\u00e4re Landschaften\u201c","twitter_description":"Informieren Sie sich \u00fcber die Verf\u00fcgbarkeit unserer Reise \u201ePeru: Uralte Aromen und legend\u00e4re Landschaften\u201c und sichern Sie sich Ihr kulinarisches und kulturelles Erlebnis in Peru.","twitter_misc":{"Gesch\u00e4tzte Lesezeit":"1\u00a0Minute"},"schema":{"@context":"https:\/\/schema.org","@graph":[{"@type":"WebPage","@id":"https:\/\/sumaq.travel\/de\/peru-uralte-aromen-und-legendaere-landschaften-verfuegbarkeit\/","url":"https:\/\/sumaq.travel\/de\/peru-uralte-aromen-und-legendaere-landschaften-verfuegbarkeit\/","name":"Verf\u00fcgbarkeit \u2013 Peru: Uralte Aromen und legend\u00e4re Landschaften","isPartOf":{"@id":"https:\/\/sumaq.travel\/de\/#website"},"datePublished":"2024-11-14T00:03:59+00:00","dateModified":"2025-06-18T13:50:56+00:00","description":"Pr\u00fcfen Sie die Verf\u00fcgbarkeit von \u201ePeru: Uralte Aromen und legend\u00e4re Landschaften\u201c und sichern Sie sich Ihren Platz auf dieser einzigartigen Reise.","breadcrumb":{"@id":"https:\/\/sumaq.travel\/de\/peru-uralte-aromen-und-legendaere-landschaften-verfuegbarkeit\/#breadcrumb"},"inLanguage":"de","potentialAction":[{"@type":"ReadAction","target":["https:\/\/sumaq.travel\/de\/peru-uralte-aromen-und-legendaere-landschaften-verfuegbarkeit\/"]}]},{"@type":"BreadcrumbList","@id":"https:\/\/sumaq.travel\/de\/peru-uralte-aromen-und-legendaere-landschaften-verfuegbarkeit\/#breadcrumb","itemListElement":[{"@type":"ListItem","position":1,"name":"Portada","item":"https:\/\/sumaq.travel\/de\/"},{"@type":"ListItem","position":2,"name":"Peru: Uralte Aromen und legend\u00e4re Landschaften \u2013 Verf\u00fcgbarkeit"}]},{"@type":"WebSite","@id":"https:\/\/sumaq.travel\/de\/#website","url":"https:\/\/sumaq.travel\/de\/","name":"Viajes especiales a Per\u00fa","description":"Viajes privados de lujo a medida.","publisher":{"@id":"https:\/\/sumaq.travel\/de\/#organization"},"potentialAction":[{"@type":"SearchAction","target":{"@type":"EntryPoint","urlTemplate":"https:\/\/sumaq.travel\/de\/?s={search_term_string}"},"query-input":{"@type":"PropertyValueSpecification","valueRequired":true,"valueName":"search_term_string"}}],"inLanguage":"de"},{"@type":"Organization","@id":"https:\/\/sumaq.travel\/de\/#organization","name":"Sumaq Travel","url":"https:\/\/sumaq.travel\/de\/","logo":{"@type":"ImageObject","inLanguage":"de","@id":"https:\/\/sumaq.travel\/de\/#\/schema\/logo\/image\/","url":"https:\/\/sumaq.travel\/wp-content\/uploads\/2024\/11\/LOGO-SUMAQ-TRAVEL-HOME-WEB-horizontal.jpg","contentUrl":"https:\/\/sumaq.travel\/wp-content\/uploads\/2024\/11\/LOGO-SUMAQ-TRAVEL-HOME-WEB-horizontal.jpg","width":1310,"height":386,"caption":"Sumaq Travel"},"image":{"@id":"https:\/\/sumaq.travel\/de\/#\/schema\/logo\/image\/"},"sameAs":["https:\/\/www.facebook.com\/people\/Sumaq-Travel\/100090580755508\/?locale=es_LA"]}]}},"_links":{"self":[{"href":"https:\/\/sumaq.travel\/de\/wp-json\/wp\/v2\/pages\/1650","targetHints":{"allow":["GET"]}}],"collection":[{"href":"https:\/\/sumaq.travel\/de\/wp-json\/wp\/v2\/pages"}],"about":[{"href":"https:\/\/sumaq.travel\/de\/wp-json\/wp\/v2\/types\/page"}],"author":[{"embeddable":true,"href":"https:\/\/sumaq.travel\/de\/wp-json\/wp\/v2\/users\/1"}],"replies":[{"embeddable":true,"href":"https:\/\/sumaq.travel\/de\/wp-json\/wp\/v2\/comments?post=1650"}],"version-history":[{"count":6,"href":"https:\/\/sumaq.travel\/de\/wp-json\/wp\/v2\/pages\/1650\/revisions"}],"predecessor-version":[{"id":1894,"href":"https:\/\/sumaq.travel\/de\/wp-json\/wp\/v2\/pages\/1650\/revisions\/1894"}],"wp:attachment":[{"href":"https:\/\/sumaq.travel\/de\/wp-json\/wp\/v2\/media?parent=1650"}],"curies":[{"name":"wp","href":"https:\/\/api.w.org\/{rel}","templated":true}]}}