{"id":1638,"date":"2024-11-07T22:24:37","date_gmt":"2024-11-07T22:24:37","guid":{"rendered":"https:\/\/sumaq.travel\/gestalten-wir-ihre-reise\/"},"modified":"2025-06-18T14:09:05","modified_gmt":"2025-06-18T14:09:05","slug":"gestalten-wir-ihre-reise","status":"publish","type":"page","link":"https:\/\/sumaq.travel\/de\/gestalten-wir-ihre-reise\/","title":{"rendered":"Gestalten wir Ihre Reise"},"content":{"rendered":"<div  class='flex_column av-1zdlu-8f49eebf35c7a10c773376ea958fc6b9 av_one_fifth  avia-builder-el-0  el_before_av_three_fifth  avia-builder-el-first  first flex_column_div  '     ><\/div>\n<div  class='flex_column av-fxs0y-67b9ce1acfdb8d192331a1950301faaf av_three_fifth  avia-builder-el-1  el_after_av_one_fifth  avia-builder-el-last  flex_column_div  '     ><p>\n<style type=\"text\/css\" data-created_by=\"avia_inline_auto\" id=\"style-css-av-m3j01a4z-b03b778bdbd6fb431a10f0d60625bcdf\">\n#top .av-special-heading.av-m3j01a4z-b03b778bdbd6fb431a10f0d60625bcdf{\npadding-bottom:10px;\n}\nbody .av-special-heading.av-m3j01a4z-b03b778bdbd6fb431a10f0d60625bcdf .av-special-heading-tag .heading-char{\nfont-size:25px;\n}\n.av-special-heading.av-m3j01a4z-b03b778bdbd6fb431a10f0d60625bcdf .av-subheading{\nfont-size:15px;\n}\n<\/style>\n<div  class='av-special-heading av-m3j01a4z-b03b778bdbd6fb431a10f0d60625bcdf av-special-heading-h1  avia-builder-el-2  el_before_av_contact  avia-builder-el-first '><h1 class='av-special-heading-tag '  itemprop=\"headline\"  >Lassen Sie uns Ihre Reise gestalten<\/h1><div class=\"special-heading-border\"><div class=\"special-heading-inner-border\"><\/div><\/div><\/div><br \/>\n<form action=\"https:\/\/sumaq.travel\/de\/gestalten-wir-ihre-reise\/\" method=\"post\" data-fields-with-error=\"Fehler wurden in folgenden Feld(ern) gefunden:\" class=\"avia_ajax_form av-form-labels-visible   avia-builder-el-3  el_after_av_heading  avia-builder-el-last   \" data-avia-form-id=\"1\" data-avia-redirect=''  aria-label='Formulario de contacto' ><h3 class=''>Lassen Sie uns Ihre Reise gestalten<\/h3><fieldset><div id='avia_1_1' class='av-form-text'><p>\n<strong>1.- Ihre Kontaktdaten<\/strong><\/p>\n<\/div><p class='  first_form  form_element form_element_fourth' id='element_avia_2_1'><label for=\"avia_2_1\">Titel<\/label><select  name=\"avia_2_1\" class=\"select \" id=\"avia_2_1\"><option   value='---'>---<\/option><option   value='Herr'>Herr<\/option><option   value='Frau'>Frau<\/option><option   value='Fr\u00e4ulein'>Fr\u00e4ulein<\/option><option   value='Dr.'>Dr.<\/option><option   value='Dr.in'>Dr.in<\/option><\/select><\/p><p class='  form_element form_element_three_fourth' id='element_avia_3_1'><label for=\"avia_3_1\">Name <abbr class=\"required\" title=\"ben\u00f6tigt\">*<\/abbr><\/label> <input name=\"avia_3_1\" class=\"text_input is_empty\" type=\"text\" id=\"avia_3_1\" value=\"\" \/><\/p><p class='  first_form  form_element form_fullwidth' id='element_avia_4_1'><label for=\"avia_4_1\">E-Mail-Adresse <abbr class=\"required\" title=\"ben\u00f6tigt\">*<\/abbr><\/label> <input name=\"avia_4_1\" class=\"text_input is_email\" type=\"text\" id=\"avia_4_1\" value=\"\" \/><\/p><p class='  first_form  form_element form_fullwidth' id='element_avia_5_1'><label for=\"avia_5_1\">Telefonnummer (WhatsApp) <abbr class=\"required\" title=\"ben\u00f6tigt\">*<\/abbr><\/label> <input name=\"avia_5_1\" class=\"text_input is_empty\" type=\"text\" id=\"avia_5_1\" value=\"\" \/><\/p><p class='  first_form  form_element form_fullwidth' id='element_avia_6_1'><label for=\"avia_6_1\">Bester Zeitpunkt f\u00fcr eine Kontaktaufnahme<\/label> <input name=\"avia_6_1\" class=\"text_input \" type=\"text\" id=\"avia_6_1\" value=\"\" \/><\/p><div id='avia_7_1' class='av-form-text'><p>\n<strong>2.- W\u00e4hlen Sie die Reiseziele, die Sie interessieren<\/strong><\/p>\n<\/div><p class='  first_form  form_element form_element_fourth' id='element_avia_8_1'><input  name=\"avia_8_1\" class=\"input_checkbox \" type=\"checkbox\" id=\"avia_8_1\" value=\"true\"\/><label class=\"input_checkbox_label\" for=\"avia_8_1\">Lima<\/label><\/p><p class='  form_element form_element_fourth' id='element_avia_9_1'><input  name=\"avia_9_1\" class=\"input_checkbox \" type=\"checkbox\" id=\"avia_9_1\" value=\"true\"\/><label class=\"input_checkbox_label\" for=\"avia_9_1\">Ica, Nazca Paracas<\/label><\/p><p class='  form_element form_element_fourth' id='element_avia_10_1'><input  name=\"avia_10_1\" class=\"input_checkbox \" type=\"checkbox\" id=\"avia_10_1\" value=\"true\"\/><label class=\"input_checkbox_label\" for=\"avia_10_1\">Arequipa<\/label><\/p><p class='  form_element form_element_fourth' id='element_avia_11_1'><input  name=\"avia_11_1\" class=\"input_checkbox \" type=\"checkbox\" id=\"avia_11_1\" value=\"true\"\/><label class=\"input_checkbox_label\" for=\"avia_11_1\">Cusco <\/label><\/p><p class='  first_form  form_element form_element_fourth' id='element_avia_12_1'><input  name=\"avia_12_1\" class=\"input_checkbox \" type=\"checkbox\" id=\"avia_12_1\" value=\"true\"\/><label class=\"input_checkbox_label\" for=\"avia_12_1\">Machu Picchu<\/label><\/p><p class='  form_element form_element_fourth' id='element_avia_13_1'><input  name=\"avia_13_1\" class=\"input_checkbox \" type=\"checkbox\" id=\"avia_13_1\" value=\"true\"\/><label class=\"input_checkbox_label\" for=\"avia_13_1\">Puno <\/label><\/p><p class='  form_element form_element_fourth' id='element_avia_14_1'><input  name=\"avia_14_1\" class=\"input_checkbox \" type=\"checkbox\" id=\"avia_14_1\" value=\"true\"\/><label class=\"input_checkbox_label\" for=\"avia_14_1\">Puerto Maldonado<\/label><\/p><div id='avia_15_1' class='av-form-text'><p>\n<strong>3.- W\u00e4hlen Sie die Reiseziele, die Sie interessieren<\/strong><\/p>\n<\/div><p class='  first_form  form_element form_element_fourth' id='element_avia_16_1'><input  name=\"avia_16_1\" class=\"input_checkbox \" type=\"checkbox\" id=\"avia_16_1\" value=\"true\"\/><label class=\"input_checkbox_label\" for=\"avia_16_1\">Gastronomie<\/label><\/p><p class='  form_element form_element_fourth' id='element_avia_17_1'><input  name=\"avia_17_1\" class=\"input_checkbox \" type=\"checkbox\" id=\"avia_17_1\" value=\"true\"\/><label class=\"input_checkbox_label\" for=\"avia_17_1\">Andine Kultur erleben<\/label><\/p><p class='  form_element form_element_fourth' id='element_avia_18_1'><input  name=\"avia_18_1\" class=\"input_checkbox \" type=\"checkbox\" id=\"avia_18_1\" value=\"true\"\/><label class=\"input_checkbox_label\" for=\"avia_18_1\">Kultur &amp; Geschichte<\/label><\/p><p class='  form_element form_element_fourth' id='element_avia_19_1'><input  name=\"avia_19_1\" class=\"input_checkbox \" type=\"checkbox\" id=\"avia_19_1\" value=\"true\"\/><label class=\"input_checkbox_label\" for=\"avia_19_1\">Abenteuer &amp; Trekking<\/label><\/p><div id='avia_20_1' class='av-form-text'><p>\n<strong>4.- Angaben zu Ihren Mitreisenden<\/strong><\/p>\n<\/div><p class='  first_form  form_element form_element_half' id='element_avia_21_1'><label for=\"avia_21_1\">Anzahl der Erwachsenen <abbr class=\"required\" title=\"ben\u00f6tigt\">*<\/abbr><\/label><select  name=\"avia_21_1\" class=\"select is_empty\" id=\"avia_21_1\"><option   value='---'>---<\/option><option   value='1'>1<\/option><option   value='2'>2<\/option><option   value='3'>3<\/option><option   value='4'>4<\/option><option   value='5'>5<\/option><option   value='6'>6<\/option><option   value='7'>7<\/option><option   value='8'>8<\/option><option   value='9'>9<\/option><option   value='10'>10<\/option><option   value='11'>11<\/option><option   value='12'>12<\/option><option   value='13'>13<\/option><option   value='14'>14<\/option><option   value='15'>15<\/option><option   value='16'>16<\/option><option   value='17'>17<\/option><option   value='18'>18<\/option><\/select><\/p><p class='  form_element form_element_half' id='element_avia_22_1'><label for=\"avia_22_1\">Anzahl der Kinder (bis 11 Jahre)<\/label><select  name=\"avia_22_1\" class=\"select \" id=\"avia_22_1\"><option   value='---'>---<\/option><option   value='1'>1<\/option><option   value='2'>2<\/option><option   value='3'>3<\/option><option   value='4'>4<\/option><option   value='5'>5<\/option><option   value='6'>6<\/option><option   value='7'>7<\/option><option   value='8'>8<\/option><option   value='9'>9<\/option><\/select><\/p><p class='  first_form  form_element form_fullwidth' id='element_avia_23_1'><label for=\"avia_23_1\">5.- Geplanter Reisezeitraum <abbr class=\"required\" title=\"ben\u00f6tigt\">*<\/abbr><\/label> <input name=\"avia_23_1\" class=\"avia_datepicker text_input is_empty\" type=\"text\" id=\"avia_23_1\" value=\"\" placeholder=\"DD \/ MM \/ YY\" inputmode=\"none\" \/><\/p><p class='  first_form  form_element form_fullwidth' id='element_avia_24_1'><label for=\"avia_24_1\" class=\"textare_label hidden textare_label_avia_24_1\">Besondere Hinweise<\/label><textarea  name=\"avia_24_1\" class=\"text_area \" cols=\"40\" rows=\"7\" id=\"avia_24_1\" ><\/textarea><\/p><p class=\"hidden\"><input type=\"text\" name=\"avia_25_1\" class=\"hidden \" id=\"avia_25_1\" value=\"\" \/><\/p><p class='   form_element form_fullwidth' id='element_avia_26_1'><span class='value_verifier_label'>5 + 2 = ?<\/span><input name=\"avia_26_1_verifier\" type=\"hidden\" id=\"avia_26_1_verifier\" value=\"257855352\"\/><label for=\"avia_26_1\">Bitte l\u00f6se die Gleichung. Diese Ma\u00dfnahme dient der Abwehr von Spam <abbr class=\"required\" title=\"ben\u00f6tigt\">*<\/abbr><\/label><input name=\"avia_26_1\" class=\"text_input captcha\" type=\"text\" id=\"avia_26_1\" value=\"\"\/><\/p><p class=\"form_element \"><input type=\"hidden\" value=\"1\" name=\"avia_generated_form1\" \/><input type=\"submit\" value=\"Absenden\" class=\"button\"  data-sending-label=\"Sende\"\/><\/p><\/fieldset><\/form><div id=\"ajaxresponse_1\" class=\"ajaxresponse ajaxresponse_1 hidden\"><\/div><\/p><\/div>\n","protected":false},"excerpt":{"rendered":"","protected":false},"author":1,"featured_media":0,"parent":0,"menu_order":0,"comment_status":"closed","ping_status":"closed","template":"","meta":{"content-type":"","_joinchat":[],"footnotes":""},"class_list":["post-1638","page","type-page","status-publish","hentry"],"yoast_head":"<!-- This site is optimized with the Yoast SEO Premium plugin v24.1 (Yoast SEO v27.4) - https:\/\/yoast.com\/product\/yoast-seo-premium-wordpress\/ -->\n<title>Gestalten Sie Ihre Peru-Reise | Ma\u00dfgeschneiderte Erlebnisse - Sumaq Travel Per\u00fa<\/title>\n<meta name=\"description\" content=\"Gestalten Sie Ihre individuelle Peru-Reise. Entdecken Sie einzigartige Erlebnisse mit ma\u00dfgeschneiderten Reiserouten und erleben Sie ein unvergessliches Abenteuer.\" \/>\n<meta name=\"robots\" content=\"index, nofollow, max-snippet:-1, max-image-preview:large, max-video-preview:-1\" \/>\n<link rel=\"canonical\" href=\"https:\/\/sumaq.travel\/de\/gestalten-wir-ihre-reise\/\" \/>\n<meta property=\"og:locale\" content=\"de_DE\" \/>\n<meta property=\"og:type\" content=\"article\" \/>\n<meta property=\"og:title\" content=\"Gestalten Sie Ihre Peru-Reise | Personalisieren Sie Ihr Abenteuer Gestalten wir Ihre Reise\" \/>\n<meta property=\"og:description\" content=\"Gestalten Sie Ihre Peru-Reise ganz nach Ihren W\u00fcnschen. Ma\u00dfgeschneiderte Reiserouten, au\u00dfergew\u00f6hnliche Erlebnisse und eine unvergessliche Reise erwarten Sie. Starten Sie noch heute Ihr Abenteuer! \ud83c\udf0e\u2728\" \/>\n<meta property=\"og:url\" content=\"https:\/\/sumaq.travel\/de\/gestalten-wir-ihre-reise\/\" \/>\n<meta property=\"og:site_name\" content=\"Sumaq Travel Per\u00fa\" \/>\n<meta property=\"article:publisher\" content=\"https:\/\/www.facebook.com\/people\/Sumaq-Travel\/100090580755508\/?locale=es_LA\" \/>\n<meta property=\"article:modified_time\" content=\"2025-06-18T14:09:05+00:00\" \/>\n<meta property=\"og:image\" content=\"https:\/\/sumaq.travel\/wp-content\/uploads\/2024\/11\/Aventuras-en-Pareja-min-300x300.webp\" \/>\n<meta name=\"twitter:card\" content=\"summary_large_image\" \/>\n<meta name=\"twitter:title\" content=\"Gestalten Sie Ihre Peru-Reise | Personalisieren Sie Ihr Abenteuer Gestalten wir Ihre Reise\" \/>\n<meta name=\"twitter:description\" content=\"Gestalten Sie Ihre Peru-Reise ganz nach Ihren W\u00fcnschen. Ma\u00dfgeschneiderte Reiserouten, au\u00dfergew\u00f6hnliche Erlebnisse und eine unvergessliche Reise erwarten Sie. Starten Sie noch heute Ihr Abenteuer! \ud83c\udf0e\u2728\" \/>\n<meta name=\"twitter:label1\" content=\"Gesch\u00e4tzte Lesezeit\" \/>\n\t<meta name=\"twitter:data1\" content=\"12\u00a0Minuten\" \/>\n<script type=\"application\/ld+json\" class=\"yoast-schema-graph\">{\"@context\":\"https:\\\/\\\/schema.org\",\"@graph\":[{\"@type\":\"WebPage\",\"@id\":\"https:\\\/\\\/sumaq.travel\\\/de\\\/gestalten-wir-ihre-reise\\\/\",\"url\":\"https:\\\/\\\/sumaq.travel\\\/de\\\/gestalten-wir-ihre-reise\\\/\",\"name\":\"Gestalten Sie Ihre Peru-Reise | Ma\u00dfgeschneiderte Erlebnisse - Sumaq Travel Per\u00fa\",\"isPartOf\":{\"@id\":\"https:\\\/\\\/sumaq.travel\\\/de\\\/#website\"},\"datePublished\":\"2024-11-07T22:24:37+00:00\",\"dateModified\":\"2025-06-18T14:09:05+00:00\",\"description\":\"Gestalten Sie Ihre individuelle Peru-Reise. Entdecken Sie einzigartige Erlebnisse mit ma\u00dfgeschneiderten Reiserouten und erleben Sie ein unvergessliches Abenteuer.\",\"breadcrumb\":{\"@id\":\"https:\\\/\\\/sumaq.travel\\\/de\\\/gestalten-wir-ihre-reise\\\/#breadcrumb\"},\"inLanguage\":\"de\",\"potentialAction\":[{\"@type\":\"ReadAction\",\"target\":[\"https:\\\/\\\/sumaq.travel\\\/de\\\/gestalten-wir-ihre-reise\\\/\"]}]},{\"@type\":\"BreadcrumbList\",\"@id\":\"https:\\\/\\\/sumaq.travel\\\/de\\\/gestalten-wir-ihre-reise\\\/#breadcrumb\",\"itemListElement\":[{\"@type\":\"ListItem\",\"position\":1,\"name\":\"Portada\",\"item\":\"https:\\\/\\\/sumaq.travel\\\/de\\\/\"},{\"@type\":\"ListItem\",\"position\":2,\"name\":\"Gestalten wir Ihre Reise\"}]},{\"@type\":\"WebSite\",\"@id\":\"https:\\\/\\\/sumaq.travel\\\/de\\\/#website\",\"url\":\"https:\\\/\\\/sumaq.travel\\\/de\\\/\",\"name\":\"Viajes especiales a Per\u00fa\",\"description\":\"Viajes privados de lujo a medida.\",\"publisher\":{\"@id\":\"https:\\\/\\\/sumaq.travel\\\/de\\\/#organization\"},\"potentialAction\":[{\"@type\":\"SearchAction\",\"target\":{\"@type\":\"EntryPoint\",\"urlTemplate\":\"https:\\\/\\\/sumaq.travel\\\/de\\\/?s={search_term_string}\"},\"query-input\":{\"@type\":\"PropertyValueSpecification\",\"valueRequired\":true,\"valueName\":\"search_term_string\"}}],\"inLanguage\":\"de\"},{\"@type\":\"Organization\",\"@id\":\"https:\\\/\\\/sumaq.travel\\\/de\\\/#organization\",\"name\":\"Sumaq Travel\",\"url\":\"https:\\\/\\\/sumaq.travel\\\/de\\\/\",\"logo\":{\"@type\":\"ImageObject\",\"inLanguage\":\"de\",\"@id\":\"https:\\\/\\\/sumaq.travel\\\/de\\\/#\\\/schema\\\/logo\\\/image\\\/\",\"url\":\"https:\\\/\\\/sumaq.travel\\\/wp-content\\\/uploads\\\/2024\\\/11\\\/LOGO-SUMAQ-TRAVEL-HOME-WEB-horizontal.jpg\",\"contentUrl\":\"https:\\\/\\\/sumaq.travel\\\/wp-content\\\/uploads\\\/2024\\\/11\\\/LOGO-SUMAQ-TRAVEL-HOME-WEB-horizontal.jpg\",\"width\":1310,\"height\":386,\"caption\":\"Sumaq Travel\"},\"image\":{\"@id\":\"https:\\\/\\\/sumaq.travel\\\/de\\\/#\\\/schema\\\/logo\\\/image\\\/\"},\"sameAs\":[\"https:\\\/\\\/www.facebook.com\\\/people\\\/Sumaq-Travel\\\/100090580755508\\\/?locale=es_LA\"]}]}<\/script>\n<!-- \/ Yoast SEO Premium plugin. -->","yoast_head_json":{"title":"Gestalten Sie Ihre Peru-Reise | Ma\u00dfgeschneiderte Erlebnisse - Sumaq Travel Per\u00fa","description":"Gestalten Sie Ihre individuelle Peru-Reise. Entdecken Sie einzigartige Erlebnisse mit ma\u00dfgeschneiderten Reiserouten und erleben Sie ein unvergessliches Abenteuer.","robots":{"index":"index","follow":"nofollow","max-snippet":"max-snippet:-1","max-image-preview":"max-image-preview:large","max-video-preview":"max-video-preview:-1"},"canonical":"https:\/\/sumaq.travel\/de\/gestalten-wir-ihre-reise\/","og_locale":"de_DE","og_type":"article","og_title":"Gestalten Sie Ihre Peru-Reise | Personalisieren Sie Ihr Abenteuer Gestalten wir Ihre Reise","og_description":"Gestalten Sie Ihre Peru-Reise ganz nach Ihren W\u00fcnschen. Ma\u00dfgeschneiderte Reiserouten, au\u00dfergew\u00f6hnliche Erlebnisse und eine unvergessliche Reise erwarten Sie. Starten Sie noch heute Ihr Abenteuer! \ud83c\udf0e\u2728","og_url":"https:\/\/sumaq.travel\/de\/gestalten-wir-ihre-reise\/","og_site_name":"Sumaq Travel Per\u00fa","article_publisher":"https:\/\/www.facebook.com\/people\/Sumaq-Travel\/100090580755508\/?locale=es_LA","article_modified_time":"2025-06-18T14:09:05+00:00","og_image":[{"url":"https:\/\/sumaq.travel\/wp-content\/uploads\/2024\/11\/Aventuras-en-Pareja-min-300x300.webp","type":"","width":"","height":""}],"twitter_card":"summary_large_image","twitter_title":"Gestalten Sie Ihre Peru-Reise | Personalisieren Sie Ihr Abenteuer Gestalten wir Ihre Reise","twitter_description":"Gestalten Sie Ihre Peru-Reise ganz nach Ihren W\u00fcnschen. Ma\u00dfgeschneiderte Reiserouten, au\u00dfergew\u00f6hnliche Erlebnisse und eine unvergessliche Reise erwarten Sie. Starten Sie noch heute Ihr Abenteuer! \ud83c\udf0e\u2728","twitter_misc":{"Gesch\u00e4tzte Lesezeit":"12\u00a0Minuten"},"schema":{"@context":"https:\/\/schema.org","@graph":[{"@type":"WebPage","@id":"https:\/\/sumaq.travel\/de\/gestalten-wir-ihre-reise\/","url":"https:\/\/sumaq.travel\/de\/gestalten-wir-ihre-reise\/","name":"Gestalten Sie Ihre Peru-Reise | Ma\u00dfgeschneiderte Erlebnisse - Sumaq Travel Per\u00fa","isPartOf":{"@id":"https:\/\/sumaq.travel\/de\/#website"},"datePublished":"2024-11-07T22:24:37+00:00","dateModified":"2025-06-18T14:09:05+00:00","description":"Gestalten Sie Ihre individuelle Peru-Reise. Entdecken Sie einzigartige Erlebnisse mit ma\u00dfgeschneiderten Reiserouten und erleben Sie ein unvergessliches Abenteuer.","breadcrumb":{"@id":"https:\/\/sumaq.travel\/de\/gestalten-wir-ihre-reise\/#breadcrumb"},"inLanguage":"de","potentialAction":[{"@type":"ReadAction","target":["https:\/\/sumaq.travel\/de\/gestalten-wir-ihre-reise\/"]}]},{"@type":"BreadcrumbList","@id":"https:\/\/sumaq.travel\/de\/gestalten-wir-ihre-reise\/#breadcrumb","itemListElement":[{"@type":"ListItem","position":1,"name":"Portada","item":"https:\/\/sumaq.travel\/de\/"},{"@type":"ListItem","position":2,"name":"Gestalten wir Ihre Reise"}]},{"@type":"WebSite","@id":"https:\/\/sumaq.travel\/de\/#website","url":"https:\/\/sumaq.travel\/de\/","name":"Viajes especiales a Per\u00fa","description":"Viajes privados de lujo a medida.","publisher":{"@id":"https:\/\/sumaq.travel\/de\/#organization"},"potentialAction":[{"@type":"SearchAction","target":{"@type":"EntryPoint","urlTemplate":"https:\/\/sumaq.travel\/de\/?s={search_term_string}"},"query-input":{"@type":"PropertyValueSpecification","valueRequired":true,"valueName":"search_term_string"}}],"inLanguage":"de"},{"@type":"Organization","@id":"https:\/\/sumaq.travel\/de\/#organization","name":"Sumaq Travel","url":"https:\/\/sumaq.travel\/de\/","logo":{"@type":"ImageObject","inLanguage":"de","@id":"https:\/\/sumaq.travel\/de\/#\/schema\/logo\/image\/","url":"https:\/\/sumaq.travel\/wp-content\/uploads\/2024\/11\/LOGO-SUMAQ-TRAVEL-HOME-WEB-horizontal.jpg","contentUrl":"https:\/\/sumaq.travel\/wp-content\/uploads\/2024\/11\/LOGO-SUMAQ-TRAVEL-HOME-WEB-horizontal.jpg","width":1310,"height":386,"caption":"Sumaq Travel"},"image":{"@id":"https:\/\/sumaq.travel\/de\/#\/schema\/logo\/image\/"},"sameAs":["https:\/\/www.facebook.com\/people\/Sumaq-Travel\/100090580755508\/?locale=es_LA"]}]}},"_links":{"self":[{"href":"https:\/\/sumaq.travel\/de\/wp-json\/wp\/v2\/pages\/1638","targetHints":{"allow":["GET"]}}],"collection":[{"href":"https:\/\/sumaq.travel\/de\/wp-json\/wp\/v2\/pages"}],"about":[{"href":"https:\/\/sumaq.travel\/de\/wp-json\/wp\/v2\/types\/page"}],"author":[{"embeddable":true,"href":"https:\/\/sumaq.travel\/de\/wp-json\/wp\/v2\/users\/1"}],"replies":[{"embeddable":true,"href":"https:\/\/sumaq.travel\/de\/wp-json\/wp\/v2\/comments?post=1638"}],"version-history":[{"count":4,"href":"https:\/\/sumaq.travel\/de\/wp-json\/wp\/v2\/pages\/1638\/revisions"}],"predecessor-version":[{"id":1924,"href":"https:\/\/sumaq.travel\/de\/wp-json\/wp\/v2\/pages\/1638\/revisions\/1924"}],"wp:attachment":[{"href":"https:\/\/sumaq.travel\/de\/wp-json\/wp\/v2\/media?parent=1638"}],"curies":[{"name":"wp","href":"https:\/\/api.w.org\/{rel}","templated":true}]}}